{"id":4473,"date":"2015-08-13T10:39:30","date_gmt":"2015-08-13T13:39:30","guid":{"rendered":"http:\/\/www.hrrio.cl\/web2\/?page_id=4473"},"modified":"2015-10-01T16:21:04","modified_gmt":"2015-10-01T19:21:04","slug":"acreditacion","status":"publish","type":"page","link":"https:\/\/www.hrrio.cl\/web2\/acreditacion\/","title":{"rendered":"Acreditaci\u00f3n 2015"},"content":{"rendered":"<p>[et_pb_section admin_label=\u00bbsection\u00bb fullwidth=\u00bboff\u00bb specialty=\u00bboff\u00bb background_image=\u00bbhttp:\/\/www.hrrio.cl\/web2\/wp-content\/uploads\/2015\/07\/cuadrado-celeste.jpg\u00bb transparent_background=\u00bboff\u00bb allow_player_pause=\u00bboff\u00bb inner_shadow=\u00bboff\u00bb parallax=\u00bbon\u00bb parallax_method=\u00bbon\u00bb padding_mobile=\u00bboff\u00bb make_fullwidth=\u00bboff\u00bb use_custom_width=\u00bboff\u00bb width_unit=\u00bbon\u00bb make_equal=\u00bboff\u00bb use_custom_gutter=\u00bboff\u00bb][et_pb_row admin_label=\u00bbrow\u00bb make_fullwidth=\u00bboff\u00bb use_custom_width=\u00bboff\u00bb width_unit=\u00bbon\u00bb use_custom_gutter=\u00bboff\u00bb padding_mobile=\u00bboff\u00bb allow_player_pause=\u00bboff\u00bb parallax=\u00bboff\u00bb parallax_method=\u00bboff\u00bb make_equal=\u00bbon\u00bb column_padding_mobile=\u00bbon\u00bb background_color_1=\u00bb#ffffff\u00bb background_color_2=\u00bb#ffffff\u00bb padding_bottom_2=\u00bb20&#8243;][et_pb_column type=\u00bb3_4&#8243;][et_pb_text admin_label=\u00bbSubtitulo (Interior, fondo naranjo)\u00bb saved_tabs=\u00bball\u00bb background_layout=\u00bbdark\u00bb text_orientation=\u00bbleft\u00bb background_image=\u00bbhttp:\/\/www.hrrio.cl\/web2\/wp-content\/uploads\/2015\/07\/fondo-naranjo.jpg\u00bb use_border_color=\u00bboff\u00bb border_color=\u00bb#ffffff\u00bb border_style=\u00bbsolid\u00bb custom_padding=\u00bb20|20|20|20&#8243;]<\/p>\n<h2>\u00bfCuantos d\u00edas faltan para la acreditaci\u00f3n?<\/h2>\n<p>[\/et_pb_text][et_pb_countdown_timer admin_label=\u00bbTemporizador de cuenta atr\u00e1s\u00bb date_time=\u00bb11\/02\/2015 08:00&#8243; background_layout=\u00bblight\u00bb use_background_color=\u00bbon\u00bb] [\/et_pb_countdown_timer][\/et_pb_column][et_pb_column type=\u00bb1_4&#8243;][et_pb_text admin_label=\u00bbSubtitulo (Interior, fondo naranjo)\u00bb saved_tabs=\u00bball\u00bb background_layout=\u00bbdark\u00bb text_orientation=\u00bbleft\u00bb background_image=\u00bbhttp:\/\/www.hrrio.cl\/web2\/wp-content\/uploads\/2015\/07\/fondo-naranjo.jpg\u00bb use_border_color=\u00bboff\u00bb border_color=\u00bb#ffffff\u00bb border_style=\u00bbsolid\u00bb custom_padding=\u00bb20|20|20|20&#8243;]<\/p>\n<h2>Acceso directo<\/h2>\n<p>[\/et_pb_text][et_pb_image admin_label=\u00bbImagen\u00bb src=\u00bbhttp:\/\/www.hrrio.cl\/web2\/wp-content\/uploads\/2015\/01\/banner-elearningcalidad.jpg\u00bb show_in_lightbox=\u00bboff\u00bb url=\u00bbhttp:\/\/www.hrrio.cl\/web2\/e-learning-calidad\/\u00bb url_new_window=\u00bboff\u00bb animation=\u00bbtop\u00bb sticky=\u00bboff\u00bb align=\u00bbleft\u00bb force_fullwidth=\u00bboff\u00bb always_center_on_mobile=\u00bbon\u00bb use_border_color=\u00bboff\u00bb border_color=\u00bb#ffffff\u00bb border_style=\u00bbsolid\u00bb] [\/et_pb_image][\/et_pb_column][\/et_pb_row][\/et_pb_section][et_pb_section admin_label=\u00bbSecci\u00f3n\u00bb fullwidth=\u00bboff\u00bb specialty=\u00bboff\u00bb background_image=\u00bbhttp:\/\/www.hrrio.cl\/web2\/wp-content\/uploads\/2015\/08\/Clave-Roja-01.png\u00bb transparent_background=\u00bboff\u00bb allow_player_pause=\u00bboff\u00bb inner_shadow=\u00bboff\u00bb parallax=\u00bboff\u00bb parallax_method=\u00bboff\u00bb padding_mobile=\u00bboff\u00bb make_fullwidth=\u00bboff\u00bb use_custom_width=\u00bboff\u00bb width_unit=\u00bbon\u00bb make_equal=\u00bboff\u00bb use_custom_gutter=\u00bboff\u00bb][et_pb_row admin_label=\u00bbFila\u00bb][et_pb_column type=\u00bb4_4&#8243;][et_pb_video_slider admin_label=\u00bbControl deslizante de v\u00eddeo\u00bb show_image_overlay=\u00bbhide\u00bb show_arrows=\u00bbon\u00bb show_thumbnails=\u00bboff\u00bb controls_color=\u00bbdark\u00bb] [et_pb_video_slider_item src=\u00bbhttps:\/\/www.youtube.com\/watch?v=JYYgaCOKIDw\u00bb image_src=\u00bb\/\/i.ytimg.com\/vi\/JYYgaCOKIDw\/hqdefault.jpg\u00bb background_layout=\u00bbdark\u00bb admin_title=\u00bbYa viene! (Youtube)\u00bb \/][et_pb_video_slider_item admin_title=\u00bbYa viene (hrrio.cl)\u00bb src=\u00bbhttp:\/\/www.hrrio.cl\/web2\/wp-content\/uploads\/2015\/09\/Calidad-Ya-viene.mp4&#8243; background_layout=\u00bbdark\u00bb] [\/et_pb_video_slider_item][et_pb_video_slider_item admin_title=\u00bbOIRS &#8211; Oficial (hrrio.cl)\u00bb src=\u00bbhttp:\/\/www.hrrio.cl\/web2\/wp-content\/uploads\/2015\/09\/Calidad-OIRS-oficial.mp4&#8243; background_layout=\u00bbdark\u00bb] [\/et_pb_video_slider_item][et_pb_video_slider_item admin_title=\u00bbClave roja &#8211; Oficial (hrrio.cl)\u00bb src=\u00bbhttp:\/\/www.hrrio.cl\/web2\/wp-content\/uploads\/2015\/08\/Calidad-Clave-Roja.mp4&#8243; background_layout=\u00bbdark\u00bb] [\/et_pb_video_slider_item][et_pb_video_slider_item admin_title=\u00bbQue es acreditaci\u00f3n (hrrio.cl)\u00bb src=\u00bbhttp:\/\/www.hrrio.cl\/web2\/wp-content\/uploads\/2015\/09\/Calidad-Que-es-acreditacion.mp4&#8243; background_layout=\u00bbdark\u00bb] [\/et_pb_video_slider_item][et_pb_video_slider_item admin_title=\u00bbOirs (hrrio.cl)\u00bb src=\u00bbhttp:\/\/www.hrrio.cl\/web2\/wp-content\/uploads\/2015\/09\/Calidad-OIRS.mp4&#8243; background_layout=\u00bbdark\u00bb] [\/et_pb_video_slider_item][et_pb_video_slider_item admin_title=\u00bbQue es calidad (hrrio.cl)\u00bb src=\u00bbhttp:\/\/www.hrrio.cl\/web2\/wp-content\/uploads\/2015\/09\/Calidad-Que-es-Calidad.mp4&#8243; background_layout=\u00bbdark\u00bb] [\/et_pb_video_slider_item][et_pb_video_slider_item admin_title=\u00bbFicha \u00fanica (hrrio.cl)\u00bb src=\u00bbhttp:\/\/www.hrrio.cl\/web2\/wp-content\/uploads\/2015\/09\/Calidad-Ficha-Unica.mp4&#8243; background_layout=\u00bbdark\u00bb] [\/et_pb_video_slider_item][et_pb_video_slider_item admin_title=\u00bbNumero clave roja (hrrio.cl)\u00bb src=\u00bbhttp:\/\/www.hrrio.cl\/web2\/wp-content\/uploads\/2015\/09\/Calidad-Numero-Clave-Roja.mp4&#8243; background_layout=\u00bbdark\u00bb] [\/et_pb_video_slider_item] [\/et_pb_video_slider][\/et_pb_column][\/et_pb_row][\/et_pb_section][et_pb_section admin_label=\u00bbSecci\u00f3n\u00bb fullwidth=\u00bboff\u00bb specialty=\u00bboff\u00bb background_image=\u00bbhttp:\/\/www.hrrio.cl\/web2\/wp-content\/uploads\/2015\/07\/cuadrado-celeste.jpg\u00bb transparent_background=\u00bboff\u00bb allow_player_pause=\u00bboff\u00bb inner_shadow=\u00bboff\u00bb parallax=\u00bbon\u00bb parallax_method=\u00bboff\u00bb padding_mobile=\u00bboff\u00bb make_fullwidth=\u00bboff\u00bb use_custom_width=\u00bboff\u00bb width_unit=\u00bbon\u00bb make_equal=\u00bboff\u00bb use_custom_gutter=\u00bboff\u00bb][et_pb_row admin_label=\u00bbFila\u00bb][et_pb_column type=\u00bb4_4&#8243;][et_pb_text admin_label=\u00bbSubtitulo (Interior, fondo naranjo)\u00bb saved_tabs=\u00bball\u00bb background_layout=\u00bbdark\u00bb text_orientation=\u00bbleft\u00bb background_image=\u00bbhttp:\/\/www.hrrio.cl\/web2\/wp-content\/uploads\/2015\/07\/fondo-naranjo.jpg\u00bb use_border_color=\u00bboff\u00bb border_color=\u00bb#ffffff\u00bb border_style=\u00bbsolid\u00bb custom_padding=\u00bb20|20|20|20&#8243;]<\/p>\n<h2>PREGUNTAS FRECUENTES DE ACREDITACI\u00d3N<\/h2>\n<p>[\/et_pb_text][\/et_pb_column][\/et_pb_row][et_pb_row admin_label=\u00bbFila\u00bb make_fullwidth=\u00bboff\u00bb use_custom_width=\u00bboff\u00bb width_unit=\u00bbon\u00bb use_custom_gutter=\u00bboff\u00bb padding_mobile=\u00bboff\u00bb allow_player_pause=\u00bboff\u00bb parallax=\u00bboff\u00bb parallax_method=\u00bboff\u00bb make_equal=\u00bboff\u00bb column_padding_mobile=\u00bbon\u00bb][et_pb_column type=\u00bb1_3&#8243;][et_pb_text admin_label=\u00bbTexto\u00bb background_layout=\u00bbdark\u00bb text_orientation=\u00bbleft\u00bb use_border_color=\u00bboff\u00bb border_color=\u00bb#ffffff\u00bb border_style=\u00bbsolid\u00bb]<\/p>\n<h3>Generales<\/h3>\n<p>[\/et_pb_text][et_pb_accordion admin_label=\u00bbAcorde\u00f3n &#8211; General\u00bb use_border_color=\u00bboff\u00bb border_color=\u00bb#ffffff\u00bb border_style=\u00bbsolid\u00bb open_toggle_background_color=\u00bb#81d742&#8243; closed_toggle_background_color=\u00bb#81d742&#8243; icon_color=\u00bb#ffffff\u00bb toggle_font=\u00bb|on|||\u00bb toggle_text_color=\u00bb#ffffff\u00bb body_text_color=\u00bb#ffffff\u00bb] [et_pb_accordion_item title=\u00bb\u00bfCual es el sistema de alerta frente a alguna emergencia vital con que cuenta el hospital?\u00bb]<\/p>\n<p>El sistema de Alerta frente a alguna emergencia vital es <strong>CLAVE ROJA<\/strong><\/p>\n<p>[\/et_pb_accordion_item][et_pb_accordion_item title=\u00bbDescriba el procedimiento de alerta en situaci\u00f3n de emergencia con riesgo vital.\u00bb]<\/p>\n<p>Procedimiento CLAVE ROJA<br \/>\n<strong>Paso 1:<\/strong> Solicito ayuda a persona cercana.<br \/>\n<strong>Paso 2:<\/strong> Llamar a Central Telef\u00f3nica a \u266f111.<br \/>\n<strong>Paso 3:<\/strong> Diga Clave Roja y lugar del evento.<br \/>\n<strong>Paso 4:<\/strong> P\u00f3ngase a disposici\u00f3n del jefe de CLAVE ROJA<\/p>\n<p>[\/et_pb_accordion_item][et_pb_accordion_item title=\u00bbCuando ocurre una situaci\u00f3n de emergencia como por ejemplo un usuario con p\u00e9rdida de conciencia en el pasillo \u00bfqu\u00e9 hace Ud.? \u00ab]<\/p>\n<p>Activo CLAVE ROJA<br \/>\n<strong>Paso 1:<\/strong> Solicito ayuda a persona cercana.<br \/>\n<strong>Paso 2:<\/strong> Llamar a Central Telef\u00f3nica a \u266f111.<br \/>\n<strong>Paso 3:<\/strong> Diga Clave Roja y lugar del evento.<br \/>\n<strong>Paso 4:<\/strong> P\u00f3ngase a disposici\u00f3n del jefe de CLAVE ROJA<\/p>\n<p>[\/et_pb_accordion_item][et_pb_accordion_item title=\u00bbCuando un usuario se cae y sufre una esquince de pie \u00bfqu\u00e9 hace?\u00bb]<\/p>\n<p>NO ACTIVO CLAVE ROJA.<br \/>\nSi es un adulto se lleva a UE HSJ y si es ni\u00f1o A UE HRRIO<\/p>\n<p>[\/et_pb_accordion_item][et_pb_accordion_item title=\u00bb\u00bfCuando un paciente hospitalizado se cae de su cama y sufre p\u00e9rdida de conciencia qu\u00e9 hace?\u00bb]<\/p>\n<p>Se avisa a equipo tratante o residencia de turno.<br \/>\nNO ACTIVO CLAVE ROJA<\/p>\n<p>[\/et_pb_accordion_item][et_pb_accordion_item title=\u00bb\u00bfEn qu\u00e9 casos se activa la clave roja?\u00bb]<\/p>\n<p>Se activa clave roja en situaciones de riesgo vital como:<br \/>\n1 Convulsiones<br \/>\n2 Paro cardiorespiratorio<br \/>\n3 P\u00e9rdida de conciencia<\/p>\n<p>[\/et_pb_accordion_item][et_pb_accordion_item title=\u00bb\u00bfA quienes aplica la clave roja?\u00bb]<\/p>\n<p>La CLAVE ROJA aplica a pacientes ambulatorios, acompa\u00f1antes, funcionarios y toda persona que circule dentro del hospital.<\/p>\n<p>[\/et_pb_accordion_item][et_pb_accordion_item title=\u00bb\u00bfSe activa clave roja en caso de emergencia vital a pacientes hospitalizados en sus camas?\u00bb]<\/p>\n<p>En pacientes hospitalizados en sus camas <strong>No se activa clave roja<\/strong> en caso de emergencia vital. Se avisa a m\u00e9dico tratante o Residencia M\u00e9dica.<\/p>\n<p>[\/et_pb_accordion_item][et_pb_accordion_item title=\u00bbSi deseo hacer un reclamo o felicitaci\u00f3n \u00bfd\u00f3nde lo dirijo?\u00bb]<\/p>\n<p>A la Oficina de Informaciones reclamos y sugerencias (OIRS):<\/p>\n<p><strong>En Horario H\u00e1bil:<\/strong><br \/>\nHall Central<br \/>\nLunes a jueves 08:00 a 17:00 horas y Viernes de 08:00-16:00.<\/p>\n<p><strong>En horario Inh\u00e1bil:<\/strong><br \/>\nAdmisi\u00f3n de Urgencia.<\/p>\n<p><strong>V\u00eda Internet:<\/strong><\/p>\n<ul>\n<li>oirs.hrrio.cl<\/li>\n<li>oirs.minsal.cl<\/li>\n<\/ul>\n<p>[\/et_pb_accordion_item][et_pb_accordion_item title=\u00bb\u00bfA quienes NO aplica la clave roja? \u00ab]<\/p>\n<p>La Clave roja NO aplica a pacientes hospitalizados.<\/p>\n<p>[\/et_pb_accordion_item] [\/et_pb_accordion][\/et_pb_column][et_pb_column type=\u00bb1_3&#8243;][et_pb_text admin_label=\u00bbTexto\u00bb background_layout=\u00bbdark\u00bb text_orientation=\u00bbleft\u00bb use_border_color=\u00bboff\u00bb border_color=\u00bb#ffffff\u00bb border_style=\u00bbsolid\u00bb]<\/p>\n<h3>Profesionales no m\u00e9dicos y T\u00e9cnicos Paramedicos<\/h3>\n<p>[\/et_pb_text][et_pb_accordion admin_label=\u00bbAcorde\u00f3n &#8211; Tecnicos\u00bb use_border_color=\u00bboff\u00bb border_color=\u00bb#ffffff\u00bb border_style=\u00bbsolid\u00bb open_toggle_background_color=\u00bb#769cbf\u00bb closed_toggle_background_color=\u00bb#769cbf\u00bb toggle_font=\u00bb|on|||\u00bb toggle_text_color=\u00bb#ffffff\u00bb body_text_color=\u00bb#ffffff\u00bb icon_color=\u00bb#ffffff\u00bb] [et_pb_accordion_item title=\u00bbCuando ocurre un accidente cortopunzante con sangre, fluidos corporales de alto riego biol\u00f3gico, \u00bfUsted que hace?\u00bb]<\/p>\n<ul>\n<li>Lavar la zona con abundante agua<\/li>\n<li>Informar a la Jefatura directa<\/li>\n<li>Acudir a la mutualidad que corresponde<\/li>\n<\/ul>\n<p>[\/et_pb_accordion_item][et_pb_accordion_item title=\u00bb\u00bfCu\u00e1ntas fichas cl\u00ednicas tiene un paciente en este hospital?\u00bb]<\/p>\n<p>El hospital cuenta con 1 ficha cl\u00ednica por paciente.<\/p>\n<p>[\/et_pb_accordion_item][et_pb_accordion_item title=\u00bbSi paciente no tiene RUT \u00bfc\u00f3mo se vincula la Ficha Cl\u00ednica?\u00bb]<\/p>\n<p>Si paciente no tiene RUT la Ficha Cl\u00ednica se vincula atrav\u00e9s de C\u00f3digo de Paciente (CP)<\/p>\n<p>[\/et_pb_accordion_item][et_pb_accordion_item title=\u00bb\u00bfC\u00f3mo est\u00e1 conformada la ficha cl\u00ednica?\u00bb]<\/p>\n<ul>\n<li>Registros m\u00e9dicos y de enfermer\u00eda en papel<\/li>\n<li>Registro Cl\u00ednico Electr\u00f3nico<\/li>\n<li>Dato de Atenci\u00f3n de Urgencia (DAU)<\/li>\n<\/ul>\n<p>[\/et_pb_accordion_item][et_pb_accordion_item title=\u00bb\u00bfQu\u00e9 se hace en las unidades cl\u00ednicas con el material sucio?\u00bb]<\/p>\n<p>Se hace descontaminaci\u00f3n por arrastre.<\/p>\n<p>[\/et_pb_accordion_item][et_pb_accordion_item title=\u00bbSe lava el material sucio en las unidades cl\u00ednicas? \u00bfPor qu\u00e9?\u00bb]<\/p>\n<p>No se lava material en las unidades porque la Esterilizaci\u00f3n es centralizada y el lavado es parte del proceso de esterilizaci\u00f3n.<\/p>\n<p>[\/et_pb_accordion_item][et_pb_accordion_item title=\u00bb\u00bfCu\u00e1l es la precauci\u00f3n est\u00e1ndar b\u00e1sica?\u00bb]<\/p>\n<p>La precauci\u00f3n est\u00e1ndar b\u00e1sica es el LAVADO DE MANOS.<\/p>\n<p>[\/et_pb_accordion_item][et_pb_accordion_item title=\u00bb\u00bfQu\u00e9 informaci\u00f3n debe contener el brazalete de identificaci\u00f3n de pacientes?\u00bb]<\/p>\n<p>El Brazalete de Identificaci\u00f3n debe contener:<\/p>\n<ul>\n<li>Nombre y dos apellidos del paciente<\/li>\n<li>Letra legible<\/li>\n<\/ul>\n<p>[\/et_pb_accordion_item][et_pb_accordion_item title=\u00bb\u00bfC\u00f3mo se categorizan los pacientes en la Unidad de emergencia?\u00bb]<\/p>\n<p>Las categorizaciones van de mayor a menor gravedad y se clasifican seg\u00fan requerimiento de atenci\u00f3n inmediata a menos inmediata.<\/p>\n<p>Va desde C1 (riesgo vital), C2, C3,C4, hasta C5 (leve)<\/p>\n<p>[\/et_pb_accordion_item][et_pb_accordion_item title=\u00bb\u00bfC\u00f3mo debo identificar a pacientes reci\u00e9n nacidos no inscritos?\u00bb]<\/p>\n<p>En pacientes reci\u00e9n nacidos no inscritos, el brazalete debe se\u00f1alar:<\/p>\n<ul>\n<li>\u201cHijo de\u201d y los 2 apellidos de la madre<\/li>\n<li>C\u00f3digo Paciente (CP)<\/li>\n<li>Letra legible<\/li>\n<\/ul>\n<p>[\/et_pb_accordion_item][et_pb_accordion_item title=\u00bb\u00bfCu\u00e1ndo se debe utilizar el brazalete de identificaci\u00f3n?\u00bb]<\/p>\n<p>El personal del equipo de salud debe identificar correctamente al paciente, revisando el brazalete previo a:<\/p>\n<ul>\n<li>Administraci\u00f3n de cualquier medicamento<\/li>\n<li>Administraci\u00f3n de transfusiones o hemoderivados<\/li>\n<li>Realizaci\u00f3n de procedimientos invasivos<\/li>\n<li>Toma de muestra para ex\u00e1menes de laboratorio<\/li>\n<li>Antes de trasladar o recibir un paciente de otra unidad<\/li>\n<li>Antes de trasladar a un paciente a un examen o procedimiento fuera de su unidad<\/li>\n<li>Al enviar y recibir un paciente de pabell\u00f3n<\/li>\n<li>Previo al traslado de un paciente a Anatom\u00eda Patol\u00f3gica<\/li>\n<\/ul>\n<p>[\/et_pb_accordion_item][et_pb_accordion_item title=\u00bb\u00bfCu\u00e1ndo Reponer el Brazalete de Identificaci\u00f3n?\u00bb]<\/p>\n<p>Se debe reponer Brazalete cuando:<\/p>\n<ul>\n<li>Se rompe<\/li>\n<li>Deterioro y\/o datos ilegibles<\/li>\n<li>Datos err\u00f3neos<\/li>\n<li>Por necesidad asistencial: la pulsera impide la realizaci\u00f3n de alg\u00fan procedimiento<\/li>\n<li>El paciente y\/o familiares se lo ha quitado o perdido<\/li>\n<li>Pacientes que no se han podido identificar por situaciones de urgencias<\/li>\n<li>Si la identificaci\u00f3n es retirada en pabell\u00f3n, este debe ser repuesto antes de salir del pabell\u00f3n<\/li>\n<\/ul>\n<p>[\/et_pb_accordion_item][et_pb_accordion_item title=\u00bb\u00bfCu\u00e1ndo se retira el Brazalete de Identificaci\u00f3n?\u00bb]<\/p>\n<p>El Brazalete de Identificaci\u00f3n se retira en la casa del paciente.<\/p>\n<p>[\/et_pb_accordion_item][et_pb_accordion_item title=\u00bb\u00bfC\u00f3mo debo identificar a un paciente sin documentaci\u00f3n?\u00bb]<\/p>\n<p>En pacientes que ingresan sin documentaci\u00f3n, el brazalete debe contener:<\/p>\n<ul>\n<li>NN<\/li>\n<li>Sexo: femenino \/ masculino<\/li>\n<li>C\u00f3digo Paciente (CP).<\/li>\n<\/ul>\n<p>[\/et_pb_accordion_item] [\/et_pb_accordion][\/et_pb_column][et_pb_column type=\u00bb1_3&#8243;][et_pb_text admin_label=\u00bbTexto\u00bb background_layout=\u00bbdark\u00bb text_orientation=\u00bbleft\u00bb use_border_color=\u00bboff\u00bb border_color=\u00bb#ffffff\u00bb border_style=\u00bbsolid\u00bb]<\/p>\n<h3>Medicos<\/h3>\n<p>[\/et_pb_text][et_pb_accordion admin_label=\u00bbAcorde\u00f3n-Medicos\u00bb use_border_color=\u00bboff\u00bb border_color=\u00bb#ffffff\u00bb border_style=\u00bbsolid\u00bb open_toggle_background_color=\u00bb#1e73be\u00bb closed_toggle_background_color=\u00bb#1e73be\u00bb icon_color=\u00bb#ffffff\u00bb toggle_font=\u00bb|on|||\u00bb toggle_text_color=\u00bb#ffffff\u00bb body_text_color=\u00bb#ffffff\u00bb] [et_pb_accordion_item title=\u00bb\u00bfQu\u00e9 datos m\u00ednimos debe contener la Evaluaci\u00f3n pre anest\u00e9sica?\u00bb]<\/p>\n<ul>\n<li>Nombre de paciente<\/li>\n<li>Diagn\u00f3stico<\/li>\n<li>Cirug\u00eda propuesta<\/li>\n<li>ASA<\/li>\n<li>V\u00eda A\u00e9rea dif\u00edcil<\/li>\n<li>Nombre y Apellido o timbre de Anestesi\u00f3logo<\/li>\n<li>Firma del m\u00e9dico anestesi\u00f3logo<\/li>\n<\/ul>\n<p>[\/et_pb_accordion_item][et_pb_accordion_item title=\u00bbQu\u00e9 se previene con la pausa de seguridad \u00ab]<\/p>\n<p>Pausa de Seguridad Previene:<\/p>\n<ul>\n<li>Cirug\u00eda en paciente equivocado<\/li>\n<li>Cirug\u00eda del lado equivocado<\/li>\n<li>Cuerpo extra\u00f1o abandonado en sitio quir\u00fargico<\/li>\n<\/ul>\n<p>[\/et_pb_accordion_item][et_pb_accordion_item title=\u00bbEn qu\u00e9 tipos de anestesia se necesita evaluaci\u00f3n pre anest\u00e9sica\u00bb]<\/p>\n<p>Se necesita evaluaci\u00f3n pre anest\u00e9sica en:<\/p>\n<ul>\n<li>Anestesia general<\/li>\n<li>Anestesia regional<\/li>\n<li>Mixta<\/li>\n<\/ul>\n<p>[\/et_pb_accordion_item][et_pb_accordion_item title=\u00bb\u00bfCu\u00e1ndo se requiere hacer Consentimiento Informado? \u00ab]<\/p>\n<p>Al momento de indicar una intervenci\u00f3n quir\u00fargica o procedimientos endosc\u00f3picos o hemodinamia.<\/p>\n<p>[\/et_pb_accordion_item][et_pb_accordion_item title=\u00bb\u00bfQui\u00e9n solicita el Consentimiento Informado?\u00bb]<\/p>\n<p>El que solicita el CI es el m\u00e9dico tratante o alg\u00fan m\u00e9dico integrante del equipo<\/p>\n<p>[\/et_pb_accordion_item][et_pb_accordion_item title=\u00bb\u00bfQu\u00e9 debe contener el Consentimiento Informado?\u00bb]<\/p>\n<ul>\n<li>Nombre y RUT del paciente<\/li>\n<li>Diagn\u00f3stico y procedimiento o intervenci\u00f3n quir\u00fargica con letra legible<\/li>\n<li>Nombre y Firma de paciente o representante legal<\/li>\n<li>Expresan que recibieron la informaci\u00f3n del m\u00e9dico sobre objetivos de la intervenci\u00f3n, sus caracter\u00edsticas y potenciales riesgos<\/li>\n<li>Nombre y Firma del m\u00e9dico<\/li>\n<li>Fecha en que se realiza el Consentimiento informado<\/li>\n<\/ul>\n<p>[\/et_pb_accordion_item][et_pb_accordion_item title=\u00bbC\u00f3mo accede al Comit\u00e9 de \u00c9tica Asistencial\u00bb]<\/p>\n<p>Elaborando solicitud para el an\u00e1lisis del caso \u00e9tico\/cl\u00ednico, por parte del comit\u00e9 en secretar\u00eda CR Pediatr\u00eda en horario h\u00e1bil de 8:00 a 16:00 horas.<\/p>\n<p>El comit\u00e9 se re\u00fane en forma ordinaria o extraordinaria, dependiendo de la urgencia del caso, participa el comit\u00e9 con el m\u00e9dico tratante, realiza an\u00e1lisis bio\u00e9tico y emite informe que se adjunta a ficha cl\u00ednica y una copia a carpeta del comit\u00e9.<\/p>\n<p>[\/et_pb_accordion_item][et_pb_accordion_item title=\u00bb\u00bfC\u00f3mo se aprueba un proyecto de Investigaci\u00f3n en seres humanos? \u00ab]<\/p>\n<p>Todas las investigaciones a realizar en seres humanos, deben ser sometidas a aprobaci\u00f3n por parte del Comit\u00e9 de \u00c9tica de la Investigaci\u00f3n del SSMN.<\/p>\n<p>Existe un documento institucional que describe el procedimiento.<\/p>\n<p>[\/et_pb_accordion_item][et_pb_accordion_item title=\u00bb\u00bfC\u00f3mo Accede al Comit\u00e9 de \u00c9tica de la Investigaci\u00f3n Cient\u00edfica?\u00bb]<\/p>\n<p>Pasos para acceder al Comit\u00e9 de \u00c9tica de la Investigaci\u00f3n:<\/p>\n<ul>\n<li>El investigador presenta el proyecto de investigaci\u00f3n al Director (a)<\/li>\n<li>El Director (a) lo eval\u00faa y aprueba la presentaci\u00f3n al Comit\u00e9 de \u00c9tica de la Investigaci\u00f3n del SSMN<\/li>\n<li>El Comit\u00e9 de \u00c9tica del SSMN autoriza todas las investigaciones a realizar en seres humanos<\/li>\n<li>El investigador debe entregar copia de la aprobaci\u00f3n por parte del Comit\u00e9 de \u00c9tica de la Investigaci\u00f3n del SSMN, a la Direcci\u00f3n del Hospital<\/li>\n<\/ul>\n<p>[\/et_pb_accordion_item] [\/et_pb_accordion][\/et_pb_column][\/et_pb_row][\/et_pb_section]<\/p>\n","protected":false},"excerpt":{"rendered":"<p>[et_pb_section admin_label=\u00bbsection\u00bb fullwidth=\u00bboff\u00bb specialty=\u00bboff\u00bb background_image=\u00bbhttp:\/\/www.hrrio.cl\/web2\/wp-content\/uploads\/2015\/07\/cuadrado-celeste.jpg\u00bb transparent_background=\u00bboff\u00bb allow_player_pause=\u00bboff\u00bb inner_shadow=\u00bboff\u00bb parallax=\u00bbon\u00bb parallax_method=\u00bbon\u00bb padding_mobile=\u00bboff\u00bb make_fullwidth=\u00bboff\u00bb use_custom_width=\u00bboff\u00bb width_unit=\u00bbon\u00bb make_equal=\u00bboff\u00bb use_custom_gutter=\u00bboff\u00bb][et_pb_row admin_label=\u00bbrow\u00bb make_fullwidth=\u00bboff\u00bb use_custom_width=\u00bboff\u00bb width_unit=\u00bbon\u00bb use_custom_gutter=\u00bboff\u00bb padding_mobile=\u00bboff\u00bb allow_player_pause=\u00bboff\u00bb parallax=\u00bboff\u00bb parallax_method=\u00bboff\u00bb make_equal=\u00bbon\u00bb column_padding_mobile=\u00bbon\u00bb background_color_1=\u00bb#ffffff\u00bb background_color_2=\u00bb#ffffff\u00bb padding_bottom_2=\u00bb20&#8243;][et_pb_column type=\u00bb3_4&#8243;][et_pb_text admin_label=\u00bbSubtitulo (Interior, fondo naranjo)\u00bb saved_tabs=\u00bball\u00bb background_layout=\u00bbdark\u00bb text_orientation=\u00bbleft\u00bb background_image=\u00bbhttp:\/\/www.hrrio.cl\/web2\/wp-content\/uploads\/2015\/07\/fondo-naranjo.jpg\u00bb use_border_color=\u00bboff\u00bb border_color=\u00bb#ffffff\u00bb border_style=\u00bbsolid\u00bb custom_padding=\u00bb20|20|20|20&#8243;] \u00bfCuantos d\u00edas faltan para la acreditaci\u00f3n? [\/et_pb_text][et_pb_countdown_timer admin_label=\u00bbTemporizador de cuenta atr\u00e1s\u00bb date_time=\u00bb11\/02\/2015 [&hellip;]<\/p>\n","protected":false},"author":1,"featured_media":0,"parent":0,"menu_order":0,"comment_status":"closed","ping_status":"open","template":"","meta":{"_et_pb_use_builder":"on","_et_pb_old_content":"","_et_gb_content_width":""},"_links":{"self":[{"href":"https:\/\/www.hrrio.cl\/web2\/wp-json\/wp\/v2\/pages\/4473"}],"collection":[{"href":"https:\/\/www.hrrio.cl\/web2\/wp-json\/wp\/v2\/pages"}],"about":[{"href":"https:\/\/www.hrrio.cl\/web2\/wp-json\/wp\/v2\/types\/page"}],"author":[{"embeddable":true,"href":"https:\/\/www.hrrio.cl\/web2\/wp-json\/wp\/v2\/users\/1"}],"replies":[{"embeddable":true,"href":"https:\/\/www.hrrio.cl\/web2\/wp-json\/wp\/v2\/comments?post=4473"}],"version-history":[{"count":0,"href":"https:\/\/www.hrrio.cl\/web2\/wp-json\/wp\/v2\/pages\/4473\/revisions"}],"wp:attachment":[{"href":"https:\/\/www.hrrio.cl\/web2\/wp-json\/wp\/v2\/media?parent=4473"}],"curies":[{"name":"wp","href":"https:\/\/api.w.org\/{rel}","templated":true}]}}