{"id":21987,"date":"2026-05-07T16:34:09","date_gmt":"2026-05-07T19:34:09","guid":{"rendered":"https:\/\/www.hrrio.cl\/web2\/?page_id=21987"},"modified":"2026-05-07T17:49:29","modified_gmt":"2026-05-07T20:49:29","slug":"escuela-hospitalaria","status":"publish","type":"page","link":"https:\/\/www.hrrio.cl\/web2\/escuela-hospitalaria\/","title":{"rendered":"Escuela Hospitalaria"},"content":{"rendered":"<p>[et_pb_section fb_built=\u00bb1&#8243; fullwidth=\u00bbon\u00bb custom_padding_last_edited=\u00bbon|desktop\u00bb disabled_on=\u00bbon|on|off\u00bb admin_label=\u00bbsection\u00bb _builder_version=\u00bb4.9.7&#8243; background_color=\u00bb#ffffff\u00bb background_image=\u00bbhttp:\/\/www.hrrio.cl\/web2\/wp-content\/uploads\/2015\/07\/fondo-azul.jpg\u00bb parallax=\u00bbon\u00bb parallax_method=\u00bboff\u00bb custom_padding_tablet=\u00bb50px|0|50px|0&#8243; custom_padding_phone=\u00bb\u00bb transparent_background=\u00bboff\u00bb padding_mobile=\u00bboff\u00bb make_fullwidth=\u00bboff\u00bb use_custom_width=\u00bboff\u00bb width_unit=\u00bbon\u00bb][et_pb_fullwidth_header title=\u00bbEscuela Hospitalaria\u00bb content_max_width=\u00bbnone\u00bb admin_label=\u00bbFullwidth Header (Nombre de la Unidad)\u00bb _builder_version=\u00bb4.9.7&#8243; title_font=\u00bb|on|||\u00bb title_font_size=\u00bb46&#8243; background_color=\u00bbrgba(255, 255, 255, 0)\u00bb custom_margin=\u00bb||-37px|||\u00bb custom_padding=\u00bb51px|||||\u00bb button_one_letter_spacing_hover=\u00bb0&#8243; button_two_letter_spacing_hover=\u00bb0&#8243; button_one_text_size__hover_enabled=\u00bboff\u00bb button_two_text_size__hover_enabled=\u00bboff\u00bb button_one_text_color__hover_enabled=\u00bboff\u00bb button_two_text_color__hover_enabled=\u00bboff\u00bb button_one_border_width__hover_enabled=\u00bboff\u00bb button_two_border_width__hover_enabled=\u00bboff\u00bb button_one_border_color__hover_enabled=\u00bboff\u00bb button_two_border_color__hover_enabled=\u00bboff\u00bb button_one_border_radius__hover_enabled=\u00bboff\u00bb button_two_border_radius__hover_enabled=\u00bboff\u00bb button_one_letter_spacing__hover_enabled=\u00bbon\u00bb button_one_letter_spacing__hover=\u00bb0&#8243; button_two_letter_spacing__hover_enabled=\u00bbon\u00bb button_two_letter_spacing__hover=\u00bb0&#8243; button_one_bg_color__hover_enabled=\u00bboff\u00bb button_two_bg_color__hover_enabled=\u00bboff\u00bb][\/et_pb_fullwidth_header][\/et_pb_section][et_pb_section fb_built=\u00bb1&#8243; fullwidth=\u00bbon\u00bb custom_padding_last_edited=\u00bbon|desktop\u00bb disabled_on=\u00bboff|off|on\u00bb admin_label=\u00bbsection\u00bb _builder_version=\u00bb4.9.7&#8243; background_color=\u00bb#ffffff\u00bb background_image=\u00bbhttp:\/\/www.hrrio.cl\/web2\/wp-content\/uploads\/2015\/07\/fondo-azul.jpg\u00bb parallax=\u00bbon\u00bb parallax_method=\u00bboff\u00bb width=\u00bb100%\u00bb custom_padding_tablet=\u00bb50px|0|50px|0&#8243; custom_padding_phone=\u00bb50px|0px|50px|0||\u00bb transparent_background=\u00bboff\u00bb padding_mobile=\u00bboff\u00bb make_fullwidth=\u00bboff\u00bb use_custom_width=\u00bboff\u00bb width_unit=\u00bbon\u00bb][et_pb_fullwidth_header content_max_width=\u00bbnone\u00bb admin_label=\u00bbFullwidth Header (Nombre de la Unidad)\u00bb _builder_version=\u00bb4.9.7&#8243; title_font=\u00bb|on|||\u00bb title_font_size=\u00bb46&#8243; background_color=\u00bbrgba(255, 255, 255, 0)\u00bb width=\u00bb100%\u00bb custom_margin=\u00bb||-48px|||\u00bb custom_padding=\u00bb51px|0px||0px||\u00bb button_one_letter_spacing_hover=\u00bb0&#8243; button_two_letter_spacing_hover=\u00bb0&#8243; button_one_text_size__hover_enabled=\u00bboff\u00bb button_two_text_size__hover_enabled=\u00bboff\u00bb button_one_text_color__hover_enabled=\u00bboff\u00bb button_two_text_color__hover_enabled=\u00bboff\u00bb button_one_border_width__hover_enabled=\u00bboff\u00bb button_two_border_width__hover_enabled=\u00bboff\u00bb button_one_border_color__hover_enabled=\u00bboff\u00bb button_two_border_color__hover_enabled=\u00bboff\u00bb button_one_border_radius__hover_enabled=\u00bboff\u00bb button_two_border_radius__hover_enabled=\u00bboff\u00bb button_one_letter_spacing__hover_enabled=\u00bbon\u00bb button_one_letter_spacing__hover=\u00bb0&#8243; button_two_letter_spacing__hover_enabled=\u00bbon\u00bb button_two_letter_spacing__hover=\u00bb0&#8243; button_one_bg_color__hover_enabled=\u00bboff\u00bb button_two_bg_color__hover_enabled=\u00bboff\u00bb]<\/p>\n<h1>Escuela Hospitalaria<\/h1>\n<p>[\/et_pb_fullwidth_header][\/et_pb_section][et_pb_section fb_built=\u00bb1&#8243; custom_padding_last_edited=\u00bbon|desktop\u00bb admin_label=\u00bbsection\u00bb _builder_version=\u00bb4.9.7&#8243; background_color=\u00bb#ffffff\u00bb custom_margin=\u00bb30px|-1px||||\u00bb custom_padding_tablet=\u00bb50px|0|50px|0&#8243; custom_padding_phone=\u00bb50px|0px|50px|0|true|\u00bb transparent_background=\u00bboff\u00bb padding_mobile=\u00bboff\u00bb make_fullwidth=\u00bboff\u00bb use_custom_width=\u00bboff\u00bb width_unit=\u00bbon\u00bb][et_pb_row disabled_on=\u00bboff|on|on\u00bb _builder_version=\u00bb4.9.7&#8243; _module_preset=\u00bbdefault\u00bb width=\u00bb83.6%\u00bb min_height=\u00bb610.3px\u00bb custom_margin=\u00bb-73px|-87px|-164px|11px||\u00bb custom_padding=\u00bb0px|0px||0px||\u00bb][et_pb_column type=\u00bb4_4&#8243; _builder_version=\u00bb4.9.7&#8243; _module_preset=\u00bbdefault\u00bb][et_pb_image src=\u00bbhttp:\/\/www.hrrio.cl\/web2\/wp-content\/uploads\/2026\/05\/Logo_Escuelas-Hospitalarias.png\u00bb title_text=\u00bbLogo_Escuelas-Hospitalarias\u00bb url=\u00bbhttps:\/\/www.minsal.cl\/escuelas-hospitalarias\/\u00bb url_new_window=\u00bbon\u00bb disabled_on=\u00bboff|off|on\u00bb _builder_version=\u00bb4.9.7&#8243; _module_preset=\u00bbdefault\u00bb width=\u00bb102.9%\u00bb custom_margin=\u00bb12px||-53px|-3px||\u00bb custom_padding=\u00bb0px|0px|81px|0px||\u00bb][\/et_pb_image][\/et_pb_column][\/et_pb_row][et_pb_row column_structure=\u00bb1_2,1_2&#8243; disabled_on=\u00bbon|on|off\u00bb _builder_version=\u00bb4.9.7&#8243; _module_preset=\u00bbdefault\u00bb width=\u00bb257.5%\u00bb min_height=\u00bb407.3px\u00bb custom_margin=\u00bb|338px|1px|338px||false\u00bb custom_padding=\u00bb0px|21px|0px|18px||\u00bb][et_pb_column type=\u00bb1_2&#8243; _builder_version=\u00bb4.9.7&#8243; _module_preset=\u00bbdefault\u00bb][et_pb_blurb disabled_on=\u00bbon|on|off\u00bb _builder_version=\u00bb4.9.7&#8243; _module_preset=\u00bbdefault\u00bb width=\u00bb100%\u00bb min_height=\u00bb458.4px\u00bb custom_margin=\u00bb|387px|-45px|2px||\u00bb custom_padding=\u00bb27px|0px|0px|0px||\u00bb]<\/p>\n<p style=\"text-align: justify;\">En el\u00a0<strong>Ministerio de Salud,<\/strong>\u00a0en el marco de la satisfacci\u00f3n usuaria y en cumplimiento de la\u00a0<a href=\"https:\/\/www.bcn.cl\/leychile\/navegar?idNorma=1039348\" target=\"_blank\" rel=\"noopener\"><strong>Ley N\u00ba20.584<\/strong><\/a><em>(1)<\/em>, que establece los derechos y deberes de las personas en relaci\u00f3n con su atenci\u00f3n de salud, se implement\u00f3 la estrategia de\u00a0<strong>Escuelas Hospitalarias<\/strong><em>(2)<\/em>. Esta iniciativa, llevada a cabo en colaboraci\u00f3n con el\u00a0<a href=\"https:\/\/www.mineduc.cl\/\" target=\"_blank\" rel=\"noopener\"><strong>Ministerio de Educaci\u00f3n (MINEDUC)<\/strong><\/a>, tiene como objetivo facilitar la continuidad de la educaci\u00f3n de ni\u00f1os, ni\u00f1as y adolescentes (NNA) que presenten patolog\u00edas o condiciones m\u00e9dico \u2013 funcionales que requieran permanecer hospitalizados o en tratamiento m\u00e9dico ambulatorio o domiciliario, abarcando desde la educaci\u00f3n preescolar a media y la educaci\u00f3n especial o diferencial.<\/p>\n<p style=\"text-align: justify;\">Las Escuelas Hospitalarias brindan atenci\u00f3n a trav\u00e9s de tres modalidades:\u00a0<strong>aula hospitalaria, atenci\u00f3n en la sala de hospitalizaci\u00f3n y atenci\u00f3n domiciliaria<\/strong>. Esta iniciativa se remonta a 1960, cuando se inaugur\u00f3 la primera escuela b\u00e1sica en un hospital en Concepci\u00f3n (3). En 1999, la Unidad de Educaci\u00f3n Especial del MINEDUC asumi\u00f3 la responsabilidad de proporcionar educaci\u00f3n a los NNA hospitalizados, respaldada por los\u00a0<strong>Decretos Supremos de Educaci\u00f3n N.\u00ba 374 (4) y N.\u00ba 375 (5), que permitieron la creaci\u00f3n de las EH.<\/strong><\/p>\n<p style=\"text-align: justify;\">Para la coordinaci\u00f3n y desarrollo efectivo de esta estrategia, tanto el\u00a0<strong>MINEDUC<\/strong>\u00a0como el\u00a0<strong>MINSAL<\/strong>\u00a0cuentan con referentes a nivel nacional. En el MINSAL, la estrategia de EH se implementa en la\u00a0<strong>Unidad de Calidad y Seguridad de la Atenci\u00f3n,<\/strong>\u00a0perteneciente al Departamento del mismo nombre, ubicado en la Divisi\u00f3n de Redes Asistenciales de la Subsecretar\u00eda de Redes Asistenciales. Asimismo, existen referentes de la tem\u00e1tica a nivel de\u00a0<strong>los Servicios de Salud y los establecimientos hospitalarios.<\/strong><\/p>\n<p style=\"text-align: justify;\">La <strong>Escuela Hospitalaria del Roberto del R\u00edo<\/strong>, se encuentra formalmente con nosotros desde el a\u00f1o 1990 bajo el nombre de Escuela Oncol\u00f3gica Hospital Roberto del R\u00edo, es particular subvencionada y administrada por la Fundaci\u00f3n Coayuda.<\/p>\n<p style=\"text-align: justify;\">\n<p>[\/et_pb_blurb][\/et_pb_column][et_pb_column type=\u00bb1_2&#8243; _builder_version=\u00bb4.9.7&#8243; _module_preset=\u00bbdefault\u00bb][et_pb_image src=\u00bbhttp:\/\/www.hrrio.cl\/web2\/wp-content\/uploads\/2026\/05\/Logo_Escuelas-Hospitalarias.png\u00bb title_text=\u00bbLogo_Escuelas-Hospitalarias\u00bb url=\u00bbhttps:\/\/www.minsal.cl\/escuelas-hospitalarias\/\u00bb url_new_window=\u00bbon\u00bb _builder_version=\u00bb4.9.7&#8243; _module_preset=\u00bbdefault\u00bb width=\u00bb79.5%\u00bb min_height=\u00bb286.8px\u00bb custom_margin=\u00bb|-474px|10px|4px|false|false\u00bb custom_padding=\u00bb17px|0px|20px|0px||\u00bb][\/et_pb_image][et_pb_text disabled_on=\u00bbon|on|off\u00bb _builder_version=\u00bb4.9.7&#8243; _module_preset=\u00bbdefault\u00bb background_color=\u00bb#5ca9b8&#8243; custom_margin=\u00bb7px|98px||19px|false|false\u00bb custom_padding=\u00bb13px|13px|13px|13px|false|false\u00bb hover_enabled=\u00bb0&#8243; border_color_all=\u00bb#0C71C3&#8243; sticky_enabled=\u00bb0&#8243;]<\/p>\n<p style=\"text-align: justify;\"><span style=\"color: #ffffff;\"><strong>Escuela Oncol\u00f3gica Hospital Roberto del R\u00edo<\/strong><\/span><\/p>\n<p style=\"text-align: justify;\"><span style=\"color: #ffffff;\"><strong>Rol Base de Datos:<\/strong> 25204-2 RBD<\/span><br \/><span style=\"color: #ffffff;\"><strong>Direcci\u00f3n:<\/strong> Profesor A. Za\u00f1artu N\u00ba1085<\/span><br \/><span style=\"color: #ffffff;\"><strong>Fono:<\/strong> 225758331<\/span><br \/><span style=\"color: #ffffff;\"><strong>Correo:<\/strong> <a href=\"mailto:escuela.h.r.rio@gmail.com\" style=\"color: #ffffff;\">escuela.h.r.rio@gmail.com<\/a><\/span><br \/><span style=\"color: #ffffff;\"><strong>Referente Hospitalaria:<\/strong> Laura Villarroel Huillipan (l<\/span><span style=\"color: #ffffff;\">aura.villarroel@redsalud.gob.cl)\u00a0<\/span><\/p>\n<p>[\/et_pb_text][\/et_pb_column][\/et_pb_row][et_pb_row disabled_on=\u00bbon|on|off\u00bb _builder_version=\u00bb4.9.7&#8243; _module_preset=\u00bbdefault\u00bb custom_padding=\u00bb||128px|||\u00bb][et_pb_column type=\u00bb4_4&#8243; _builder_version=\u00bb4.9.7&#8243; _module_preset=\u00bbdefault\u00bb][\/et_pb_column][\/et_pb_row][et_pb_row column_structure=\u00bb1_2,1_2&#8243; disabled_on=\u00bboff|off|on\u00bb _builder_version=\u00bb4.9.7&#8243; _module_preset=\u00bbdefault\u00bb width=\u00bb149.9%\u00bb min_height=\u00bb407.3px\u00bb custom_margin=\u00bb-13px|-19px|1px|-19px||true\u00bb custom_padding=\u00bb0px|21px|0px|104px||\u00bb][et_pb_column type=\u00bb1_2&#8243; _builder_version=\u00bb4.9.7&#8243; _module_preset=\u00bbdefault\u00bb][et_pb_blurb disabled_on=\u00bboff|off|on\u00bb _builder_version=\u00bb4.9.7&#8243; _module_preset=\u00bbdefault\u00bb width=\u00bb77.2%\u00bb min_height=\u00bb562.1px\u00bb custom_margin=\u00bb-99px|-142px|3px|-53px||\u00bb custom_padding=\u00bb0px|60px|0px|0px||\u00bb]<\/p>\n<p style=\"text-align: justify;\"><span style=\"color: #333333;\"><\/span><\/p>\n<p style=\"text-align: justify;\">En el\u00a0<strong>Ministerio de Salud,<\/strong>\u00a0en el marco de la satisfacci\u00f3n usuaria y en cumplimiento de la\u00a0<a href=\"https:\/\/www.bcn.cl\/leychile\/navegar?idNorma=1039348\" target=\"_blank\" rel=\"noopener\"><strong>Ley N\u00ba20.584<\/strong><\/a><em>(1)<\/em>, que establece los derechos y deberes de las personas en relaci\u00f3n con su atenci\u00f3n de salud, se implement\u00f3 la estrategia de\u00a0<strong>Escuelas Hospitalarias<\/strong><em>(2)<\/em>. Esta iniciativa, llevada a cabo en colaboraci\u00f3n con el\u00a0<a href=\"https:\/\/www.mineduc.cl\/\" target=\"_blank\" rel=\"noopener\"><strong>Ministerio de Educaci\u00f3n (MINEDUC)<\/strong><\/a>, tiene como objetivo facilitar la continuidad de la educaci\u00f3n de ni\u00f1os, ni\u00f1as y adolescentes (NNA) que presenten patolog\u00edas o condiciones m\u00e9dico \u2013 funcionales que requieran permanecer hospitalizados o en tratamiento m\u00e9dico ambulatorio o domiciliario, abarcando desde la educaci\u00f3n preescolar a media y la educaci\u00f3n especial o diferencial.<\/p>\n<p style=\"text-align: justify;\">Las Escuelas Hospitalarias brindan atenci\u00f3n a trav\u00e9s de tres modalidades:\u00a0<strong>aula hospitalaria, atenci\u00f3n en la sala de hospitalizaci\u00f3n y atenci\u00f3n domiciliaria<\/strong>. Esta iniciativa se remonta a 1960, cuando se inaugur\u00f3 la primera escuela b\u00e1sica en un hospital en Concepci\u00f3n (3). En 1999, la Unidad de Educaci\u00f3n Especial del MINEDUC asumi\u00f3 la responsabilidad de proporcionar educaci\u00f3n a los NNA hospitalizados, respaldada por los\u00a0<strong>Decretos Supremos de Educaci\u00f3n N.\u00ba 374 (4) y N.\u00ba 375 (5), que permitieron la creaci\u00f3n de las EH.<\/strong><\/p>\n<p style=\"text-align: justify;\">Para la coordinaci\u00f3n y desarrollo efectivo de esta estrategia, tanto el\u00a0<strong>MINEDUC<\/strong>\u00a0como el\u00a0<strong>MINSAL<\/strong>\u00a0cuentan con referentes a nivel nacional. En el MINSAL, la estrategia de EH se implementa en la\u00a0<strong>Unidad de Calidad y Seguridad de la Atenci\u00f3n,<\/strong>\u00a0perteneciente al Departamento del mismo nombre, ubicado en la Divisi\u00f3n de Redes Asistenciales de la Subsecretar\u00eda de Redes Asistenciales. Asimismo, existen referentes de la tem\u00e1tica a nivel de\u00a0<strong>los Servicios de Salud y los establecimientos hospitalarios.<\/strong><\/p>\n<p style=\"text-align: justify;\">La Escuela Hospitalaria del Roberto del R\u00edo, se encuentra formalmente con nosotros desde el a\u00f1o 1990 bajo el nombre de Escuela Oncol\u00f3gica Hospital Roberto del R\u00edo, es particular subvencionada y administrada por la Fundaci\u00f3n Coayuda.<\/p>\n<p style=\"text-align: justify;\"><span style=\"color: #333333;\"><\/span><\/p>\n<p>[\/et_pb_blurb][et_pb_text disabled_on=\u00bboff|off|on\u00bb _builder_version=\u00bb4.9.7&#8243; _module_preset=\u00bbdefault\u00bb background_color=\u00bb#5ca9b8&#8243; width=\u00bb68.9%\u00bb custom_margin=\u00bb7px|212px||-61px|false|false\u00bb custom_padding=\u00bb13px|21px|13px|13px|false|false\u00bb border_color_all=\u00bb#0C71C3&#8243;]<\/p>\n<p style=\"text-align: justify;\"><span style=\"color: #ffffff;\"><strong>Escuela Oncol\u00f3gica Hospital Roberto del R\u00edo<\/strong><\/span><\/p>\n<p style=\"text-align: justify;\"><span style=\"color: #ffffff;\"><strong>Rol Base de Datos:<\/strong> 25204-2 RBD<\/span><br \/><span style=\"color: #ffffff;\"><strong>Direcci\u00f3n:<\/strong> Profesor A. Za\u00f1artu N\u00ba1085<\/span><br \/><span style=\"color: #ffffff;\"><strong>Fono:<\/strong> 225758331<\/span><br \/><span style=\"color: #ffffff;\"><strong>Correo:<\/strong> <a href=\"mailto:escuela.h.r.rio@gmail.com\" style=\"color: #ffffff;\">escuela.h.r.rio@gmail.com<\/a><\/span><br \/><span style=\"color: #ffffff;\"><strong>Referente Hospitalaria:<\/strong> Laura Villarroel Huillipan (l<\/span><span style=\"color: #ffffff;\">aura.villarroel@redsalud.gob.cl)\u00a0<\/span><\/p>\n<p>[\/et_pb_text][\/et_pb_column][et_pb_column type=\u00bb1_2&#8243; _builder_version=\u00bb4.9.7&#8243; _module_preset=\u00bbdefault\u00bb][\/et_pb_column][\/et_pb_row][\/et_pb_section]<\/p>\n","protected":false},"excerpt":{"rendered":"<p>[et_pb_section fb_built=\u00bb1&#8243; fullwidth=\u00bbon\u00bb custom_padding_last_edited=\u00bbon|desktop\u00bb disabled_on=\u00bbon|on|off\u00bb admin_label=\u00bbsection\u00bb _builder_version=\u00bb4.9.7&#8243; background_color=\u00bb#ffffff\u00bb background_image=\u00bbhttp:\/\/www.hrrio.cl\/web2\/wp-content\/uploads\/2015\/07\/fondo-azul.jpg\u00bb parallax=\u00bbon\u00bb parallax_method=\u00bboff\u00bb custom_padding_tablet=\u00bb50px|0|50px|0&#8243; custom_padding_phone=\u00bb\u00bb transparent_background=\u00bboff\u00bb padding_mobile=\u00bboff\u00bb make_fullwidth=\u00bboff\u00bb use_custom_width=\u00bboff\u00bb width_unit=\u00bbon\u00bb][et_pb_fullwidth_header title=\u00bbEscuela Hospitalaria\u00bb content_max_width=\u00bbnone\u00bb admin_label=\u00bbFullwidth Header (Nombre de la Unidad)\u00bb _builder_version=\u00bb4.9.7&#8243; title_font=\u00bb|on|||\u00bb title_font_size=\u00bb46&#8243; background_color=\u00bbrgba(255, 255, 255, 0)\u00bb custom_margin=\u00bb||-37px|||\u00bb custom_padding=\u00bb51px|||||\u00bb button_one_letter_spacing_hover=\u00bb0&#8243; button_two_letter_spacing_hover=\u00bb0&#8243; button_one_text_size__hover_enabled=\u00bboff\u00bb button_two_text_size__hover_enabled=\u00bboff\u00bb button_one_text_color__hover_enabled=\u00bboff\u00bb button_two_text_color__hover_enabled=\u00bboff\u00bb button_one_border_width__hover_enabled=\u00bboff\u00bb button_two_border_width__hover_enabled=\u00bboff\u00bb button_one_border_color__hover_enabled=\u00bboff\u00bb button_two_border_color__hover_enabled=\u00bboff\u00bb button_one_border_radius__hover_enabled=\u00bboff\u00bb button_two_border_radius__hover_enabled=\u00bboff\u00bb button_one_letter_spacing__hover_enabled=\u00bbon\u00bb button_one_letter_spacing__hover=\u00bb0&#8243; button_two_letter_spacing__hover_enabled=\u00bbon\u00bb button_two_letter_spacing__hover=\u00bb0&#8243; button_one_bg_color__hover_enabled=\u00bboff\u00bb button_two_bg_color__hover_enabled=\u00bboff\u00bb][\/et_pb_fullwidth_header][\/et_pb_section][et_pb_section fb_built=\u00bb1&#8243; [&hellip;]<\/p>\n","protected":false},"author":7,"featured_media":0,"parent":0,"menu_order":0,"comment_status":"closed","ping_status":"closed","template":"","meta":{"_et_pb_use_builder":"on","_et_pb_old_content":"","_et_gb_content_width":""},"_links":{"self":[{"href":"https:\/\/www.hrrio.cl\/web2\/wp-json\/wp\/v2\/pages\/21987"}],"collection":[{"href":"https:\/\/www.hrrio.cl\/web2\/wp-json\/wp\/v2\/pages"}],"about":[{"href":"https:\/\/www.hrrio.cl\/web2\/wp-json\/wp\/v2\/types\/page"}],"author":[{"embeddable":true,"href":"https:\/\/www.hrrio.cl\/web2\/wp-json\/wp\/v2\/users\/7"}],"replies":[{"embeddable":true,"href":"https:\/\/www.hrrio.cl\/web2\/wp-json\/wp\/v2\/comments?post=21987"}],"version-history":[{"count":22,"href":"https:\/\/www.hrrio.cl\/web2\/wp-json\/wp\/v2\/pages\/21987\/revisions"}],"predecessor-version":[{"id":22086,"href":"https:\/\/www.hrrio.cl\/web2\/wp-json\/wp\/v2\/pages\/21987\/revisions\/22086"}],"wp:attachment":[{"href":"https:\/\/www.hrrio.cl\/web2\/wp-json\/wp\/v2\/media?parent=21987"}],"curies":[{"name":"wp","href":"https:\/\/api.w.org\/{rel}","templated":true}]}}