{"id":4635,"date":"2015-08-17T12:33:06","date_gmt":"2015-08-17T15:33:06","guid":{"rendered":"http:\/\/www.hrrio.cl\/web2\/?page_id=4635"},"modified":"2025-11-25T08:42:47","modified_gmt":"2025-11-25T11:42:47","slug":"e-learning-iih-tecnicos","status":"publish","type":"page","link":"http:\/\/www.hrrio.cl\/web2\/e-learning-iih-tecnicos\/","title":{"rendered":"E-Learning IIH &#8211; T\u00e9cnicos"},"content":{"rendered":"<p>[et_pb_section fb_built=\u00bb1&#8243; fullwidth=\u00bbon\u00bb custom_padding_last_edited=\u00bbon|desktop\u00bb _builder_version=\u00bb3.22&#8243; background_color=\u00bb#ffffff\u00bb background_image=\u00bbhttp:\/\/www.hrrio.cl\/web2\/wp-content\/uploads\/2015\/07\/fondo-azul.jpg\u00bb parallax=\u00bbon\u00bb parallax_method=\u00bboff\u00bb custom_padding_tablet=\u00bb50px|0|50px|0&#8243; custom_padding_phone=\u00bb\u00bb transparent_background=\u00bboff\u00bb padding_mobile=\u00bboff\u00bb make_fullwidth=\u00bboff\u00bb use_custom_width=\u00bboff\u00bb width_unit=\u00bbon\u00bb][et_pb_fullwidth_header title=\u00bbE-Learning prevenci\u00f3n IAAS (T\u00e9cnicos)\u00bb content_max_width=\u00bbnone\u00bb admin_label=\u00bbFullwidth Header (Nombre de la Unidad)\u00bb _builder_version=\u00bb3.16&#8243; background_color=\u00bbrgba(255, 255, 255, 0)\u00bb button_one_letter_spacing_hover=\u00bb0&#8243; button_two_letter_spacing_hover=\u00bb0&#8243; button_one_text_size__hover_enabled=\u00bboff\u00bb button_two_text_size__hover_enabled=\u00bboff\u00bb button_one_text_color__hover_enabled=\u00bboff\u00bb button_two_text_color__hover_enabled=\u00bboff\u00bb button_one_border_width__hover_enabled=\u00bboff\u00bb button_two_border_width__hover_enabled=\u00bboff\u00bb button_one_border_color__hover_enabled=\u00bboff\u00bb button_two_border_color__hover_enabled=\u00bboff\u00bb button_one_border_radius__hover_enabled=\u00bboff\u00bb button_two_border_radius__hover_enabled=\u00bboff\u00bb button_one_letter_spacing__hover_enabled=\u00bbon\u00bb button_one_letter_spacing__hover=\u00bb0&#8243; button_two_letter_spacing__hover_enabled=\u00bbon\u00bb button_two_letter_spacing__hover=\u00bb0&#8243; button_one_bg_color__hover_enabled=\u00bboff\u00bb button_two_bg_color__hover_enabled=\u00bboff\u00bb] [\/et_pb_fullwidth_header][\/et_pb_section][et_pb_section fb_built=\u00bb1&#8243; specialty=\u00bbon\u00bb custom_padding_last_edited=\u00bbon|desktop\u00bb _builder_version=\u00bb3.22&#8243; custom_padding_tablet=\u00bb50px|0|50px|0&#8243; custom_padding_phone=\u00bb\u00bb transparent_background=\u00bboff\u00bb padding_mobile=\u00bboff\u00bb make_fullwidth=\u00bboff\u00bb use_custom_width=\u00bboff\u00bb width_unit=\u00bbon\u00bb][et_pb_column type=\u00bb2_3&#8243; specialty_columns=\u00bb2&#8243; _builder_version=\u00bb3.25&#8243; custom_padding=\u00bb|||\u00bb custom_padding__hover=\u00bb|||\u00bb][et_pb_row_inner padding_mobile=\u00bboff\u00bb _builder_version=\u00bb3.25&#8243; custom_css_main_element=\u00bbcolor:#fff\u00bb][et_pb_column_inner saved_specialty_column_type=\u00bb2_3&#8243; _builder_version=\u00bb3.25&#8243; background_image=\u00bbhttp:\/\/www.hrrio.cl\/web2\/wp-content\/uploads\/2015\/07\/cuadrado-celeste.jpg\u00bb custom_padding=\u00bb20|20|20|20&#8243; custom_padding__hover=\u00bb|||\u00bb][et_pb_text admin_label=\u00bbTexto\u00bb _builder_version=\u00bb3.27.4&#8243; background_size=\u00bbinitial\u00bb background_position=\u00bbtop_left\u00bb background_repeat=\u00bbrepeat\u00bb use_border_color=\u00bboff\u00bb border_color=\u00bb#ffffff\u00bb border_style=\u00bbsolid\u00bb]Bienvenid@\u00a0a esta nueva instancia de capacitaci\u00f3n, organizada por el <strong>Comit\u00e9 de Control y Prevenci\u00f3n \u00a0Infecciones Asociadas a la Atenci\u00f3n en Salud (IAAS)\u00a0<\/strong>del Hospital de Ni\u00f1os Dr. Roberto del R\u00edo.<\/p>\n<p>Deseamos compartir con usted, nuestro conocimiento y experiencia en prevenci\u00f3n y control de infecciones para que los pueda incorporar como herramienta fundamental en el desarrollo de sus actividades laborales.<\/p>\n<p>Recomendamos mantener una disciplina de estudio y revisar los hiperv\u00ednculos, pues, en ellos damos a conocer algunas normas del hospital recientemente actualizadas.<strong> Este curso es obligatorio para todo funcionario que trabaja en el \u00e1mbito cl\u00ednico y para aquellos educandos que tienen contacto directo con los pacientes.<\/strong><\/p>\n<p>La evaluaci\u00f3n <strong>ser\u00e1 presencial<\/strong>,<strong> para rendir la prueba usted debe coordinar la fecha y hora con EU Paulina Cifuentes<\/strong> anexo 258077, al mail paulina.cifuentes@redsalud.gov.cl o solicitando personalmente la hora en la oficina de Calidad. \u00a0Esta instancia de capacitaci\u00f3n es certificada, y para aprobar este curso se debe obtener una nota mayor a 5,0.<\/p>\n<p>Las dudas y consultas tambi\u00e9n pueden hacerlas a nuestros correos electr\u00f3nicos, las responderemos oportunamente.<\/p>\n<p>Le saludan atentamente,<\/p>\n<p><strong>Comit\u00e9 de Control y Prevenci\u00f3n de IAAS<\/strong><br \/>\n[\/et_pb_text][\/et_pb_column_inner][\/et_pb_row_inner][et_pb_row_inner column_structure=\u00bb1_2,1_2&#8243; _builder_version=\u00bb3.25&#8243;][et_pb_column_inner type=\u00bb1_2&#8243; saved_specialty_column_type=\u00bb2_3&#8243; _builder_version=\u00bb3.25&#8243; custom_padding=\u00bb|||\u00bb custom_padding__hover=\u00bb|||\u00bb][et_pb_text admin_label=\u00bbTexto\u00bb _builder_version=\u00bb4.9.7&#8243; background_size=\u00bbinitial\u00bb background_position=\u00bbtop_left\u00bb background_repeat=\u00bbrepeat\u00bb text_orientation=\u00bbcenter\u00bb module_alignment=\u00bbcenter\u00bb use_border_color=\u00bboff\u00bb border_color=\u00bb#ffffff\u00bb border_style=\u00bbsolid\u00bb]<\/p>\n<p><strong>Dra. Fernanda Cofr\u00e9<\/strong><br \/>fernanda.cofre@redsalud.gob.cl<\/p>\n<p>[\/et_pb_text][et_pb_text admin_label=\u00bbTexto\u00bb _builder_version=\u00bb4.9.7&#8243; background_size=\u00bbinitial\u00bb background_position=\u00bbtop_left\u00bb background_repeat=\u00bbrepeat\u00bb text_orientation=\u00bbcenter\u00bb module_alignment=\u00bbcenter\u00bb use_border_color=\u00bboff\u00bb border_color=\u00bb#ffffff\u00bb border_style=\u00bbsolid\u00bb]<\/p>\n<p><strong>Dra.\u00a0Dona Benadof<\/strong><br \/>dona.benadof@redsalud.gob.cl<\/p>\n<p>[\/et_pb_text][\/et_pb_column_inner][et_pb_column_inner type=\u00bb1_2&#8243; saved_specialty_column_type=\u00bb2_3&#8243; _builder_version=\u00bb3.25&#8243; custom_padding=\u00bb|||\u00bb custom_padding__hover=\u00bb|||\u00bb][et_pb_text admin_label=\u00bbTexto\u00bb _builder_version=\u00bb4.9.7&#8243; background_size=\u00bbinitial\u00bb background_position=\u00bbtop_left\u00bb background_repeat=\u00bbrepeat\u00bb text_orientation=\u00bbcenter\u00bb module_alignment=\u00bbcenter\u00bb use_border_color=\u00bboff\u00bb border_color=\u00bb#ffffff\u00bb border_style=\u00bbsolid\u00bb]<\/p>\n<p><strong>Eu. Paulina Cifuentes<\/strong><br \/>paulina.cifuentes@redsalud.gob.cl<\/p>\n<p>[\/et_pb_text][et_pb_text admin_label=\u00bbTexto\u00bb _builder_version=\u00bb3.27.4&#8243; background_size=\u00bbinitial\u00bb background_position=\u00bbtop_left\u00bb background_repeat=\u00bbrepeat\u00bb text_orientation=\u00bbcenter\u00bb module_alignment=\u00bbcenter\u00bb use_border_color=\u00bboff\u00bb border_color=\u00bb#ffffff\u00bb border_style=\u00bbsolid\u00bb]<strong>Atenci\u00f3n en Oficina de Calidad<\/strong><br \/>\nPrimer Piso,Oficina A9<br \/>\n[\/et_pb_text][\/et_pb_column_inner][\/et_pb_row_inner][et_pb_row_inner _builder_version=\u00bb3.25&#8243;][et_pb_column_inner saved_specialty_column_type=\u00bb2_3&#8243; _builder_version=\u00bb3.25&#8243; custom_padding=\u00bb|||\u00bb custom_padding__hover=\u00bb|||\u00bb][et_pb_text admin_label=\u00bbTexto\u00bb _builder_version=\u00bb3.27.4&#8243; background_size=\u00bbinitial\u00bb background_position=\u00bbtop_left\u00bb background_repeat=\u00bbrepeat\u00bb use_border_color=\u00bboff\u00bb border_color=\u00bb#ffffff\u00bb border_style=\u00bbsolid\u00bb]<strong>Programa<br \/>\n<\/strong>Curso Infecciones Asociadas a la Atenci\u00f3n de salud (IAAS)<\/p>\n<p><strong>Prop\u00f3sito<br \/>\n<\/strong>Contribuir a mejorar la calidad de atenci\u00f3n a los pacientes, capacitando al personal en medidas de prevenci\u00f3n de infecciones<\/p>\n<p><strong>Objetivo General<br \/>\n<\/strong>Capacitar a los T\u00e9cnicos Param\u00e9dicos de los CR cl\u00ednicos y de Apoyo cl\u00ednico, en medidas de prevenci\u00f3n de IAAS<\/p>\n<p><strong>Objetivos Espec\u00edficos<br \/>\n<\/strong>Al t\u00e9rmino del curso, los T\u00e9cnicos Param\u00e9dicos estar\u00e1n en condiciones de:<\/p>\n<ul>\n<li>Analizar concepto de IAAS y considerarlas como problema de Salud P\u00fablica<\/li>\n<li>Reconocer los principales factores de riesgo asociados a IAAS<\/li>\n<li>Identificar aspectos microbiol\u00f3gicos de importancia en IAAS<\/li>\n<li>Describir las medidas que tienen impacto en prevenci\u00f3n de IAAS<\/li>\n<li>Describir las condiciones de calidad de una muestra microbiol\u00f3gica<\/li>\n<li>Eliminar los residuos hospitalarios considerando medidas de seguridad<\/li>\n<\/ul>\n<p><strong>Evaluaci\u00f3n<\/strong><br \/>\nSe realizar\u00e1 una prueba presencial<\/p>\n<p><strong>Duraci\u00f3n<\/strong><br \/>\n20 horas<\/p>\n<p><strong>Certificaci\u00f3n<br \/>\n<\/strong>Requisito de aprobaci\u00f3n 60%<\/p>\n<p>&nbsp;<br \/>\n[\/et_pb_text][\/et_pb_column_inner][\/et_pb_row_inner][\/et_pb_column][et_pb_column type=\u00bb1_3&#8243; _builder_version=\u00bb3.25&#8243; custom_padding=\u00bb|||\u00bb custom_padding__hover=\u00bb|||\u00bb][et_pb_text admin_label=\u00bbSubtitulo (Interior, fondo naranjo)\u00bb _builder_version=\u00bb3.27.4&#8243; background_image=\u00bbhttp:\/\/www.hrrio.cl\/web2\/wp-content\/uploads\/2015\/07\/fondo-naranjo.jpg\u00bb background_size=\u00bbinitial\u00bb background_position=\u00bbtop_left\u00bb background_repeat=\u00bbrepeat\u00bb background_layout=\u00bbdark\u00bb custom_padding=\u00bb20|20|20|20&#8243; use_border_color=\u00bboff\u00bb border_color=\u00bb#ffffff\u00bb border_style=\u00bbsolid\u00bb saved_tabs=\u00bball\u00bb]<\/p>\n<h2>CONTENIDO<\/h2>\n<p>[\/et_pb_text][et_pb_text admin_label=\u00bbTexto\u00bb _builder_version=\u00bb4.9.7&#8243; background_size=\u00bbinitial\u00bb background_position=\u00bbtop_left\u00bb background_repeat=\u00bbrepeat\u00bb hover_enabled=\u00bb0&#8243; use_border_color=\u00bboff\u00bb border_color=\u00bb#ffffff\u00bb border_style=\u00bbsolid\u00bb sticky_enabled=\u00bb0&#8243;]<\/p>\n<ul>\n<li><a href=\"http:\/\/www.hrrio.cl\/web2\/wp-content\/uploads\/2024\/05\/1-Programa-curso-IAAS-2024-Tecnicos-y-Auxiliares.pdf\">Programa curso IAAS 2024 T\u00e9cnicos y Auxiliares<\/a><\/li>\n<li><a href=\"http:\/\/www.hrrio.cl\/web2\/wp-content\/uploads\/2024\/05\/2-Generalidades-IAAS-1.pdf\">Generalidades IAAS<\/a><\/li>\n<li><a href=\"http:\/\/www.hrrio.cl\/web2\/wp-content\/uploads\/2025\/11\/PPT-PRECAUCIONES-ESTANDAR-Y-ADICIONALES-MANEJO.pdf\" target=\"_blank\" rel=\"noopener\">Precauciones est\u00e1ndar y adicionales<\/a><\/li>\n<li><a href=\"http:\/\/www.hrrio.cl\/web2\/wp-content\/uploads\/2024\/05\/4-Utilizacion-de-material-esteril-1.pdf\" target=\"_blank\" rel=\"noopener\">Utilizaci\u00f3n de material esteril<\/a><\/li>\n<li><a href=\"http:\/\/www.hrrio.cl\/web2\/wp-content\/uploads\/2024\/05\/5-Prevencion-ITS-asociada-a-CVC-1.pdf\" target=\"_blank\" rel=\"noopener\">Prevenci\u00f3n ITS asociada a CVC<\/a><\/li>\n<li><a href=\"http:\/\/www.hrrio.cl\/web2\/wp-content\/uploads\/2024\/05\/6-Prevencion-Infeccion-asociada-a-sitio-quirurgico-1.pdf\" target=\"_blank\" rel=\"noopener\">Prevenci\u00f3n Infecci\u00f3n asociada a sitio quirurgico<\/a><\/li>\n<li><a href=\"http:\/\/www.hrrio.cl\/web2\/wp-content\/uploads\/2024\/05\/7-Prevencion-ITU-asociada-a-CUP-1.pdf\" target=\"_blank\" rel=\"noopener\">Prevenci\u00f3n ITU asociada a CUP<\/a><\/li>\n<li><a href=\"http:\/\/www.hrrio.cl\/web2\/wp-content\/uploads\/2024\/05\/8-Prevencionde-infecciones-respiratorias-1.pdf\">Prevenci\u00f3n de infecciones respiratorias<\/a><\/li>\n<li><a href=\"http:\/\/www.hrrio.cl\/web2\/wp-content\/uploads\/2024\/05\/9-Como-tomar-muestras-para-hacer-un-buen-diagnostico-1.pdf\" target=\"_blank\" rel=\"noopener\">Como tomar muestras para hacer un buen diagnostico<\/a><\/li>\n<li><a href=\"http:\/\/www.hrrio.cl\/web2\/wp-content\/uploads\/2024\/05\/10-Prevencion-de-MOMR-y-ARAISP-1.pdf\">Prevenci\u00f3n de MOMR y ARAISP<\/a><\/li>\n<li><a href=\"http:\/\/www.hrrio.cl\/web2\/wp-content\/uploads\/2024\/05\/11-Antisepticos-1.pdf\">Antisepticos<\/a><\/li>\n<li><a href=\"http:\/\/www.hrrio.cl\/web2\/wp-content\/uploads\/2024\/05\/12-Tecnica-Aseptica-1.pdf\">T\u00e9cnica As\u00e9ptica<\/a><\/li>\n<li><a href=\"http:\/\/www.hrrio.cl\/web2\/wp-content\/uploads\/2024\/05\/13-Brote-epidemico-1.pdf\">Brote epid\u00e9mico<\/a><\/li>\n<li><a href=\"http:\/\/www.hrrio.cl\/web2\/wp-content\/uploads\/2024\/05\/MANUAL-PREVENCION-Y-CONTROL-DE-IAAS-V05_2021.pdf\">Prevenci\u00f3n de IAAS T\u00e9cnicos y auxiliares<\/a><\/li>\n<\/ul>\n<p>[\/et_pb_text][\/et_pb_column][\/et_pb_section]<\/p>\n","protected":false},"excerpt":{"rendered":"<p>[et_pb_section fb_built=\u00bb1&#8243; fullwidth=\u00bbon\u00bb custom_padding_last_edited=\u00bbon|desktop\u00bb _builder_version=\u00bb3.22&#8243; background_color=\u00bb#ffffff\u00bb background_image=\u00bbhttp:\/\/www.hrrio.cl\/web2\/wp-content\/uploads\/2015\/07\/fondo-azul.jpg\u00bb parallax=\u00bbon\u00bb parallax_method=\u00bboff\u00bb custom_padding_tablet=\u00bb50px|0|50px|0&#8243; custom_padding_phone=\u00bb\u00bb transparent_background=\u00bboff\u00bb padding_mobile=\u00bboff\u00bb make_fullwidth=\u00bboff\u00bb use_custom_width=\u00bboff\u00bb width_unit=\u00bbon\u00bb][et_pb_fullwidth_header title=\u00bbE-Learning prevenci\u00f3n IAAS (T\u00e9cnicos)\u00bb content_max_width=\u00bbnone\u00bb admin_label=\u00bbFullwidth Header (Nombre de la Unidad)\u00bb _builder_version=\u00bb3.16&#8243; background_color=\u00bbrgba(255, 255, 255, 0)\u00bb button_one_letter_spacing_hover=\u00bb0&#8243; button_two_letter_spacing_hover=\u00bb0&#8243; button_one_text_size__hover_enabled=\u00bboff\u00bb button_two_text_size__hover_enabled=\u00bboff\u00bb button_one_text_color__hover_enabled=\u00bboff\u00bb button_two_text_color__hover_enabled=\u00bboff\u00bb button_one_border_width__hover_enabled=\u00bboff\u00bb button_two_border_width__hover_enabled=\u00bboff\u00bb button_one_border_color__hover_enabled=\u00bboff\u00bb button_two_border_color__hover_enabled=\u00bboff\u00bb button_one_border_radius__hover_enabled=\u00bboff\u00bb button_two_border_radius__hover_enabled=\u00bboff\u00bb button_one_letter_spacing__hover_enabled=\u00bbon\u00bb button_one_letter_spacing__hover=\u00bb0&#8243; button_two_letter_spacing__hover_enabled=\u00bbon\u00bb button_two_letter_spacing__hover=\u00bb0&#8243; button_one_bg_color__hover_enabled=\u00bboff\u00bb button_two_bg_color__hover_enabled=\u00bboff\u00bb] [\/et_pb_fullwidth_header][\/et_pb_section][et_pb_section fb_built=\u00bb1&#8243; specialty=\u00bbon\u00bb custom_padding_last_edited=\u00bbon|desktop\u00bb _builder_version=\u00bb3.22&#8243; [&hellip;]<\/p>\n","protected":false},"author":1,"featured_media":0,"parent":0,"menu_order":0,"comment_status":"closed","ping_status":"open","template":"","meta":{"_et_pb_use_builder":"on","_et_pb_old_content":"","_et_gb_content_width":""},"_links":{"self":[{"href":"http:\/\/www.hrrio.cl\/web2\/wp-json\/wp\/v2\/pages\/4635"}],"collection":[{"href":"http:\/\/www.hrrio.cl\/web2\/wp-json\/wp\/v2\/pages"}],"about":[{"href":"http:\/\/www.hrrio.cl\/web2\/wp-json\/wp\/v2\/types\/page"}],"author":[{"embeddable":true,"href":"http:\/\/www.hrrio.cl\/web2\/wp-json\/wp\/v2\/users\/1"}],"replies":[{"embeddable":true,"href":"http:\/\/www.hrrio.cl\/web2\/wp-json\/wp\/v2\/comments?post=4635"}],"version-history":[{"count":6,"href":"http:\/\/www.hrrio.cl\/web2\/wp-json\/wp\/v2\/pages\/4635\/revisions"}],"predecessor-version":[{"id":21325,"href":"http:\/\/www.hrrio.cl\/web2\/wp-json\/wp\/v2\/pages\/4635\/revisions\/21325"}],"wp:attachment":[{"href":"http:\/\/www.hrrio.cl\/web2\/wp-json\/wp\/v2\/media?parent=4635"}],"curies":[{"name":"wp","href":"https:\/\/api.w.org\/{rel}","templated":true}]}}