{"id":400,"date":"2015-07-07T15:44:00","date_gmt":"2015-07-07T15:44:00","guid":{"rendered":"http:\/\/www.hrrio.cl\/web2\/?page_id=400"},"modified":"2025-11-21T09:40:46","modified_gmt":"2025-11-21T12:40:46","slug":"historia","status":"publish","type":"page","link":"http:\/\/www.hrrio.cl\/web2\/nuestra-institucion\/historia\/","title":{"rendered":"Historia"},"content":{"rendered":"<p>[et_pb_section fb_built=\u00bb1&#8243; fullwidth=\u00bbon\u00bb custom_padding_last_edited=\u00bbon|desktop\u00bb admin_label=\u00bbsection\u00bb _builder_version=\u00bb3.22&#8243; background_color=\u00bb#ffffff\u00bb background_image=\u00bbhttp:\/\/www.hrrio.cl\/web2\/wp-content\/uploads\/2015\/07\/fondo-azul.jpg\u00bb parallax=\u00bbon\u00bb parallax_method=\u00bboff\u00bb custom_padding_tablet=\u00bb50px|0|50px|0&#8243; custom_padding_phone=\u00bb\u00bb transparent_background=\u00bboff\u00bb padding_mobile=\u00bboff\u00bb make_fullwidth=\u00bboff\u00bb use_custom_width=\u00bboff\u00bb width_unit=\u00bbon\u00bb][et_pb_fullwidth_header title=\u00bbHistoria\u00bb header_image_url=\u00bbhttp:\/\/www.hrrio.cl\/web2\/wp-content\/uploads\/2015\/07\/nuestraHistoria.png\u00bb content_max_width=\u00bbnone\u00bb admin_label=\u00bbFullwidth Header\u00bb _builder_version=\u00bb3.16&#8243; background_color=\u00bbrgba(255, 255, 255, 0)\u00bb button_one_letter_spacing_hover=\u00bb0&#8243; button_two_letter_spacing_hover=\u00bb0&#8243; button_one_text_size__hover_enabled=\u00bboff\u00bb button_two_text_size__hover_enabled=\u00bboff\u00bb button_one_text_color__hover_enabled=\u00bboff\u00bb button_two_text_color__hover_enabled=\u00bboff\u00bb button_one_border_width__hover_enabled=\u00bboff\u00bb button_two_border_width__hover_enabled=\u00bboff\u00bb button_one_border_color__hover_enabled=\u00bboff\u00bb button_two_border_color__hover_enabled=\u00bboff\u00bb button_one_border_radius__hover_enabled=\u00bboff\u00bb button_two_border_radius__hover_enabled=\u00bboff\u00bb button_one_letter_spacing__hover_enabled=\u00bbon\u00bb button_one_letter_spacing__hover=\u00bb0&#8243; button_two_letter_spacing__hover_enabled=\u00bbon\u00bb button_two_letter_spacing__hover=\u00bb0&#8243; button_one_bg_color__hover_enabled=\u00bboff\u00bb button_two_bg_color__hover_enabled=\u00bboff\u00bb] [\/et_pb_fullwidth_header][\/et_pb_section][et_pb_section fb_built=\u00bb1&#8243; admin_label=\u00bbsection\u00bb _builder_version=\u00bb3.22&#8243;][et_pb_row column_structure=\u00bb2_3,1_3&#8243; admin_label=\u00bbrow\u00bb _builder_version=\u00bb3.25&#8243; background_size=\u00bbinitial\u00bb background_position=\u00bbtop_left\u00bb background_repeat=\u00bbrepeat\u00bb custom_padding=\u00bb25px||0px|||\u00bb][et_pb_column type=\u00bb2_3&#8243; _builder_version=\u00bb3.25&#8243; custom_padding=\u00bb|||\u00bb custom_padding__hover=\u00bb|||\u00bb][et_pb_text admin_label=\u00bbTexto\u00bb _builder_version=\u00bb4.9.7&#8243; background_size=\u00bbinitial\u00bb background_position=\u00bbtop_left\u00bb background_repeat=\u00bbrepeat\u00bb text_orientation=\u00bbjustified\u00bb use_border_color=\u00bboff\u00bb border_color=\u00bb#ffffff\u00bb border_style=\u00bbsolid\u00bb]<\/p>\n<p><strong>125 a\u00f1os al servicio de la salud infantil (1901\u20132026)<\/strong><\/p>\n<p>El Hospital de Ni\u00f1os Dr. Roberto del R\u00edo naci\u00f3 junto con la Pediatr\u00eda en Chile, como respuesta del Estado a la grave epidemia de sarampi\u00f3n que afect\u00f3 al pa\u00eds a fines de 1900. Ante la urgencia sanitaria, el presidente de la Junta de Beneficencia, don Manuel Arriar\u00e1n, convoc\u00f3 a un grupo de m\u00e9dicos para atender a los peque\u00f1os pacientes en dependencias improvisadas en una casa de Ejercicios de la Congregaci\u00f3n \u201cHijas de San Jos\u00e9 Protector de la Infancia\u201d, ubicada en calle Moneda con Almirante Barroso.<\/p>\n<p>El 15 de octubre de 1900 ingresaron los primeros ni\u00f1os enfermos junto a sus madres. Durante los primeros tres meses se hospitalizaron 755 ni\u00f1os y 273 madres, quienes colaboraban activamente en su cuidado. En este periodo fallecieron 141 ni\u00f1os, reflejo del dramatismo de la situaci\u00f3n sanitaria de la \u00e9poca.<\/p>\n<p>La experiencia fue evaluada positivamente, y el 5 de enero de 1901 se destin\u00f3 un edificio en calle Matucana para habilitar el primer Hospital de ni\u00f1os de Chile, administrado por don Jos\u00e9 Manuel Arriar\u00e1n y atendido por las Hijas de San Jos\u00e9 Protector de la Infancia. Solo en su primer a\u00f1o ingresaron 2.601 pacientes, con una mortalidad del 14,8%, evidencia del desaf\u00edo que significaba la atenci\u00f3n infantil en esos a\u00f1os.<\/p>\n<p>En 1903, con recursos limitados y el apoyo del servicio de Cirug\u00eda del Hospital San Vicente, se realizaron las primeras intervenciones quir\u00fargicas, marcando el inicio del desarrollo quir\u00fargico pedi\u00e1trico en el pa\u00eds.<\/p>\n<p>Tras el fallecimiento de Manuel Arriar\u00e1n en 1907, la Junta de Beneficencia nombr\u00f3 como director al Dr. Roberto del R\u00edo, quien desde 1880 hab\u00eda ejercido como Profesor de Enfermedades de Ni\u00f1os. Bajo su liderazgo se consolidaron las bases de un hospital infantil moderno, centrado en la atenci\u00f3n integral del ni\u00f1o y en la docencia para las nuevas generaciones de profesionales.<\/p>\n<p>El mayo de 1917, tras el fallecimiento del Dr. Roberto del R\u00edo, la sociedad en pleno propuso a la Junta de Beneficencia que el establecimiento llevara su nombre. As\u00ed naci\u00f3 el Hospital de Ni\u00f1os Dr. Roberto del R\u00edo, como homenaje a uno de los pioneros de la pediatr\u00eda chilena.<\/p>\n<p>&nbsp;<\/p>\n<p>[\/et_pb_text][\/et_pb_column][et_pb_column type=\u00bb1_3&#8243; _builder_version=\u00bb3.25&#8243; custom_padding=\u00bb|||\u00bb custom_padding__hover=\u00bb|||\u00bb][et_pb_blurb image=\u00bbhttp:\/\/www.hrrio.cl\/web2\/wp-content\/uploads\/2025\/11\/WhatsApp-Image-2025-11-20-at-13.06.19.jpeg\u00bb image_max_width=\u00bbnone\u00bb admin_label=\u00bbAnuncio\u00bb _builder_version=\u00bb4.9.7&#8243; background_size=\u00bbinitial\u00bb background_position=\u00bbtop_left\u00bb background_repeat=\u00bbrepeat\u00bb text_orientation=\u00bbright\u00bb hover_enabled=\u00bb0&#8243; use_border_color=\u00bboff\u00bb border_color=\u00bb#ffffff\u00bb border_style=\u00bbsolid\u00bb title_text=\u00bbWhatsApp Image 2025-11-20 at 13.06.19&#8243; sticky_enabled=\u00bb0&#8243;]<\/p>\n<blockquote>\n<p><em>En mayo de 1917 fallece el Dr. Roberto del R\u00edo y la sociedad, en forma un\u00e1nime propone a la Junta de Beneficencia, darle al hospital el nombre de \u201cHospital de Ni\u00f1os Dr. Roberto Del R\u00edo\u201d.<\/em><\/p>\n<\/blockquote>\n<p>[\/et_pb_blurb][\/et_pb_column][\/et_pb_row][et_pb_row column_structure=\u00bb1_3,2_3&#8243; admin_label=\u00bbrow\u00bb _builder_version=\u00bb3.25&#8243; background_size=\u00bbinitial\u00bb background_position=\u00bbtop_left\u00bb background_repeat=\u00bbrepeat\u00bb custom_padding=\u00bb0px|||||\u00bb][et_pb_column type=\u00bb1_3&#8243; _builder_version=\u00bb3.25&#8243; custom_padding=\u00bb|||\u00bb custom_padding__hover=\u00bb|||\u00bb][et_pb_blurb image=\u00bbhttp:\/\/www.hrrio.cl\/web2\/wp-content\/uploads\/2025\/11\/WhatsApp-Image-2025-11-21-at-09.31.35.jpeg\u00bb image_max_width=\u00bbnone\u00bb admin_label=\u00bbAnuncio\u00bb _builder_version=\u00bb4.9.7&#8243; background_size=\u00bbinitial\u00bb background_position=\u00bbtop_left\u00bb background_repeat=\u00bbrepeat\u00bb hover_enabled=\u00bb0&#8243; use_border_color=\u00bboff\u00bb border_color=\u00bb#ffffff\u00bb border_style=\u00bbsolid\u00bb title_text=\u00bbWhatsApp Image 2025-11-21 at 09.31.35&#8243; sticky_enabled=\u00bb0&#8243; custom_margin=\u00bb|-142px||||\u00bb custom_padding=\u00bb|0px||||\u00bb]<\/p>\n<blockquote>\n<p><em>En 1939, se traslad\u00f3 desde la calle Matucana a su actual ubicaci\u00f3n Av. Profesor Za\u00f1artu donde se construy\u00f3 y habilit\u00f3 un edificio que cumpl\u00eda todas las caracter\u00edsticas de un Hospital infantil modelo.<\/em><\/p>\n<\/blockquote>\n<p>[\/et_pb_blurb][\/et_pb_column][et_pb_column type=\u00bb2_3&#8243; _builder_version=\u00bb3.25&#8243; custom_padding=\u00bb|||\u00bb custom_padding__hover=\u00bb|||\u00bb][et_pb_text admin_label=\u00bbTexto\u00bb _builder_version=\u00bb4.9.7&#8243; background_size=\u00bbinitial\u00bb background_position=\u00bbtop_left\u00bb background_repeat=\u00bbrepeat\u00bb custom_margin=\u00bb-22px|||62px||\u00bb custom_padding=\u00bb23px|||55px||\u00bb use_border_color=\u00bboff\u00bb border_color=\u00bb#ffffff\u00bb border_style=\u00bbsolid\u00bb]<\/p>\n<p style=\"text-align: justify;\">Durante d\u00e9cadas, el hospital funcion\u00f3 en su edificio de calle Matucana, albergando a centenares de m\u00e9dicos, profesionales de la salud, t\u00e9cnicos y administrativos dedicados al cuidado de la ni\u00f1ez.<\/p>\n<p style=\"text-align: justify;\">En 1939, el hospital se traslad\u00f3 a su ubicaci\u00f3n actual en Av. Profesor Za\u00f1artu, donde se construy\u00f3 un edificio especialmente dise\u00f1ado como hospital infantil modelo, destinado tanto a la atenci\u00f3n cl\u00ednica como a la ense\u00f1anza.<\/p>\n<p style=\"text-align: justify;\">Desde entonces \u2014ya por casi 70 a\u00f1os en estas dependencias\u2014 el Hospital de Ni\u00f1os Dr. Roberto del R\u00edo ha contribuido de manera decisiva a la salud infantil individual y comunitaria del pa\u00eds. Hoy es el hospital pedi\u00e1trico m\u00e1s grande de Chile, tanto por su capacidad de camas, infraestructura, equipos cl\u00ednicos, complejidad, actividad docente y diversidad de especialidades.<\/p>\n<p style=\"text-align: justify;\">Este desarrollo ha sido posible gracias al trabajo permanente, silencioso y abnegado de generaciones de funcionarios y funcionarias cuya misi\u00f3n ha sido, y contin\u00faa siendo, proteger, cuidar y recuperar la salud de los ni\u00f1os, ni\u00f1as y adolescentes de Chile.<\/p>\n<p style=\"text-align: justify;\">En 2026, el Hospital de Ni\u00f1os Dr. Roberto del R\u00edo celebrar\u00e1 125 a\u00f1os de historia, legado construido entre miles de manos que han dedicado su vida al bienestar de la infancia. Un aniversario que honra nuestro pasado, reconoce nuestro presente y nos proyecta hacia un futuro comprometido con la salud de las nuevas generaciones.<\/p>\n<p>[\/et_pb_text][\/et_pb_column][\/et_pb_row][\/et_pb_section]<\/p>\n","protected":false},"excerpt":{"rendered":"<p>[et_pb_section fb_built=\u00bb1&#8243; fullwidth=\u00bbon\u00bb custom_padding_last_edited=\u00bbon|desktop\u00bb admin_label=\u00bbsection\u00bb _builder_version=\u00bb3.22&#8243; background_color=\u00bb#ffffff\u00bb background_image=\u00bbhttp:\/\/www.hrrio.cl\/web2\/wp-content\/uploads\/2015\/07\/fondo-azul.jpg\u00bb parallax=\u00bbon\u00bb parallax_method=\u00bboff\u00bb custom_padding_tablet=\u00bb50px|0|50px|0&#8243; custom_padding_phone=\u00bb\u00bb transparent_background=\u00bboff\u00bb padding_mobile=\u00bboff\u00bb make_fullwidth=\u00bboff\u00bb use_custom_width=\u00bboff\u00bb width_unit=\u00bbon\u00bb][et_pb_fullwidth_header title=\u00bbHistoria\u00bb header_image_url=\u00bbhttp:\/\/www.hrrio.cl\/web2\/wp-content\/uploads\/2015\/07\/nuestraHistoria.png\u00bb content_max_width=\u00bbnone\u00bb admin_label=\u00bbFullwidth Header\u00bb _builder_version=\u00bb3.16&#8243; background_color=\u00bbrgba(255, 255, 255, 0)\u00bb button_one_letter_spacing_hover=\u00bb0&#8243; button_two_letter_spacing_hover=\u00bb0&#8243; button_one_text_size__hover_enabled=\u00bboff\u00bb button_two_text_size__hover_enabled=\u00bboff\u00bb button_one_text_color__hover_enabled=\u00bboff\u00bb button_two_text_color__hover_enabled=\u00bboff\u00bb button_one_border_width__hover_enabled=\u00bboff\u00bb button_two_border_width__hover_enabled=\u00bboff\u00bb button_one_border_color__hover_enabled=\u00bboff\u00bb button_two_border_color__hover_enabled=\u00bboff\u00bb button_one_border_radius__hover_enabled=\u00bboff\u00bb button_two_border_radius__hover_enabled=\u00bboff\u00bb button_one_letter_spacing__hover_enabled=\u00bbon\u00bb button_one_letter_spacing__hover=\u00bb0&#8243; button_two_letter_spacing__hover_enabled=\u00bbon\u00bb button_two_letter_spacing__hover=\u00bb0&#8243; button_one_bg_color__hover_enabled=\u00bboff\u00bb button_two_bg_color__hover_enabled=\u00bboff\u00bb] [\/et_pb_fullwidth_header][\/et_pb_section][et_pb_section fb_built=\u00bb1&#8243; admin_label=\u00bbsection\u00bb _builder_version=\u00bb3.22&#8243;][et_pb_row column_structure=\u00bb2_3,1_3&#8243; admin_label=\u00bbrow\u00bb _builder_version=\u00bb3.25&#8243; background_size=\u00bbinitial\u00bb background_position=\u00bbtop_left\u00bb background_repeat=\u00bbrepeat\u00bb [&hellip;]<\/p>\n","protected":false},"author":1,"featured_media":0,"parent":374,"menu_order":0,"comment_status":"open","ping_status":"open","template":"","meta":{"_et_pb_use_builder":"on","_et_pb_old_content":"","_et_gb_content_width":""},"_links":{"self":[{"href":"http:\/\/www.hrrio.cl\/web2\/wp-json\/wp\/v2\/pages\/400"}],"collection":[{"href":"http:\/\/www.hrrio.cl\/web2\/wp-json\/wp\/v2\/pages"}],"about":[{"href":"http:\/\/www.hrrio.cl\/web2\/wp-json\/wp\/v2\/types\/page"}],"author":[{"embeddable":true,"href":"http:\/\/www.hrrio.cl\/web2\/wp-json\/wp\/v2\/users\/1"}],"replies":[{"embeddable":true,"href":"http:\/\/www.hrrio.cl\/web2\/wp-json\/wp\/v2\/comments?post=400"}],"version-history":[{"count":3,"href":"http:\/\/www.hrrio.cl\/web2\/wp-json\/wp\/v2\/pages\/400\/revisions"}],"predecessor-version":[{"id":21300,"href":"http:\/\/www.hrrio.cl\/web2\/wp-json\/wp\/v2\/pages\/400\/revisions\/21300"}],"up":[{"embeddable":true,"href":"http:\/\/www.hrrio.cl\/web2\/wp-json\/wp\/v2\/pages\/374"}],"wp:attachment":[{"href":"http:\/\/www.hrrio.cl\/web2\/wp-json\/wp\/v2\/media?parent=400"}],"curies":[{"name":"wp","href":"https:\/\/api.w.org\/{rel}","templated":true}]}}