{"id":374,"date":"2015-07-07T15:08:02","date_gmt":"2015-07-07T15:08:02","guid":{"rendered":"http:\/\/www.hrrio.cl\/web2\/?page_id=374"},"modified":"2026-02-09T11:28:28","modified_gmt":"2026-02-09T14:28:28","slug":"nuestra-institucion","status":"publish","type":"page","link":"http:\/\/www.hrrio.cl\/web2\/nuestra-institucion\/","title":{"rendered":"Mi Hospital"},"content":{"rendered":"<p>[et_pb_section fb_built=\u00bb1&#8243; fullwidth=\u00bbon\u00bb custom_padding_last_edited=\u00bbon|desktop\u00bb admin_label=\u00bbsection\u00bb _builder_version=\u00bb3.22&#8243; background_color=\u00bb#ffffff\u00bb background_image=\u00bbhttp:\/\/www.hrrio.cl\/web2\/wp-content\/uploads\/2015\/07\/fondo-azul.jpg\u00bb parallax=\u00bbon\u00bb parallax_method=\u00bboff\u00bb custom_padding_tablet=\u00bb50px|0|50px|0&#8243; transparent_background=\u00bboff\u00bb padding_mobile=\u00bboff\u00bb make_fullwidth=\u00bboff\u00bb use_custom_width=\u00bboff\u00bb width_unit=\u00bbon\u00bb][et_pb_fullwidth_header title=\u00bbMi Hospital\u00bb header_image_url=\u00bbhttp:\/\/www.hrrio.cl\/web2\/wp-content\/uploads\/2015\/07\/nuestraInstitucion.png\u00bb content_max_width=\u00bbnone\u00bb admin_label=\u00bbFullwidth Header\u00bb _builder_version=\u00bb3.16&#8243; background_color=\u00bbrgba(255, 255, 255, 0)\u00bb button_one_letter_spacing_hover=\u00bb0&#8243; button_two_letter_spacing_hover=\u00bb0&#8243; button_one_text_size__hover_enabled=\u00bboff\u00bb button_two_text_size__hover_enabled=\u00bboff\u00bb button_one_text_color__hover_enabled=\u00bboff\u00bb button_two_text_color__hover_enabled=\u00bboff\u00bb button_one_border_width__hover_enabled=\u00bboff\u00bb button_two_border_width__hover_enabled=\u00bboff\u00bb button_one_border_color__hover_enabled=\u00bboff\u00bb button_two_border_color__hover_enabled=\u00bboff\u00bb button_one_border_radius__hover_enabled=\u00bboff\u00bb button_two_border_radius__hover_enabled=\u00bboff\u00bb button_one_letter_spacing__hover_enabled=\u00bbon\u00bb button_one_letter_spacing__hover=\u00bb0&#8243; button_two_letter_spacing__hover_enabled=\u00bbon\u00bb button_two_letter_spacing__hover=\u00bb0&#8243; button_one_bg_color__hover_enabled=\u00bboff\u00bb button_two_bg_color__hover_enabled=\u00bboff\u00bb] [\/et_pb_fullwidth_header][\/et_pb_section][et_pb_section fb_built=\u00bb1&#8243; custom_padding_last_edited=\u00bbon|desktop\u00bb admin_label=\u00bbsection\u00bb _builder_version=\u00bb3.22&#8243; background_image=\u00bbhttp:\/\/www.hrrio.cl\/web2\/wp-content\/uploads\/2015\/07\/hospitalVectorizado.jpg\u00bb parallax=\u00bbon\u00bb custom_padding_tablet=\u00bb50px|0|50px|0&#8243; transparent_background=\u00bboff\u00bb padding_mobile=\u00bboff\u00bb make_fullwidth=\u00bboff\u00bb use_custom_width=\u00bboff\u00bb width_unit=\u00bbon\u00bb][et_pb_row admin_label=\u00bbrow\u00bb _builder_version=\u00bb3.25&#8243; background_size=\u00bbinitial\u00bb background_position=\u00bbtop_left\u00bb background_repeat=\u00bbrepeat\u00bb column_structure=\u00bb1_2,1_2&#8243;][et_pb_column type=\u00bb1_2&#8243; _builder_version=\u00bb3.25&#8243; custom_padding=\u00bb|||\u00bb custom_padding__hover=\u00bb|||\u00bb][et_pb_text admin_label=\u00bbTexto\u00bb _builder_version=\u00bb3.27.4&#8243; background_color=\u00bb#ffffff\u00bb background_size=\u00bbinitial\u00bb background_position=\u00bbtop_left\u00bb background_repeat=\u00bbrepeat\u00bb text_orientation=\u00bbjustified\u00bb custom_padding=\u00bb20|20|20|20&#8243; use_border_color=\u00bboff\u00bb border_color=\u00bb#ffffff\u00bb border_style=\u00bbsolid\u00bb]<\/p>\n<p><img loading=\"lazy\" class=\" size-medium wp-image-429 aligncenter\" src=\"http:\/\/www.hrrio.cl\/web2\/wp-content\/uploads\/2015\/07\/Logo-Hospital-300x300.png\" alt=\"Logo-Hospital\" width=\"300\" height=\"300\" srcset=\"http:\/\/www.hrrio.cl\/web2\/wp-content\/uploads\/2015\/07\/Logo-Hospital-300x300.png 300w, http:\/\/www.hrrio.cl\/web2\/wp-content\/uploads\/2015\/07\/Logo-Hospital-150x150.png 150w, http:\/\/www.hrrio.cl\/web2\/wp-content\/uploads\/2015\/07\/Logo-Hospital.png 600w\" sizes=\"(max-width: 300px) 100vw, 300px\" \/><\/p>\n<p data-start=\"201\" data-end=\"544\">El <strong>Hospital de Ni\u00f1os Roberto del R\u00edo<\/strong> es un establecimiento de salud asistencial-docente perteneciente a la Red Sanitaria de Chile, espec\u00edficamente al subsector p\u00fablico. Su quehacer institucional est\u00e1 orientado a la <strong>atenci\u00f3n m\u00e9dica especializada de la poblaci\u00f3n infantil del pa\u00eds<\/strong>, con un enfoque prioritario en prestaciones de<strong> alta complejidad.<\/strong><\/p>\n<p data-start=\"546\" data-end=\"970\">Ubicado en la zona norte de la Regi\u00f3n Metropolitana, en la comuna de Independencia, el Hospital depende administrativamente del <strong>Servicio de Salud Metropolitano Norte.<\/strong> Desde esta ubicaci\u00f3n estrat\u00e9gica, entrega atenci\u00f3n a la poblaci\u00f3n infantil del \u00c1rea Norte de la Regi\u00f3n Metropolitana y cumple, adem\u00e1s, un rol relevante como Centro de Referencia Nacional para el diagn\u00f3stico y tratamiento de patolog\u00edas pedi\u00e1tricas complejas.<\/p>\n<p data-start=\"972\" data-end=\"1234\">El actual edificio hospitalario, construido en el a\u00f1o 1936, cuenta con una superficie edificada de<strong> 22.400 metros cuadrados, distribuidos en cinco pisos y un nivel subterr\u00e1neo<\/strong>, lo que permite albergar una amplia y diversa cartera de servicios cl\u00ednicos y de apoyo.<\/p>\n<p data-start=\"1236\" data-end=\"1753\">El establecimiento dispone de la totalidad de las especialidades m\u00e9dicas y quir\u00fargicas vinculadas a la pediatr\u00eda, lo que le permite entregar una atenci\u00f3n integral y altamente especializada. Asimismo, constituye un importante campo cl\u00ednico para diversas universidades, participando activamente en la formaci\u00f3n de profesionales de las \u00e1reas de Medicina, Enfermer\u00eda, Kinesiolog\u00eda, Psicolog\u00eda y Tecnolog\u00eda M\u00e9dica, entre otras, adem\u00e1s de desarrollar programas de formaci\u00f3n de posgrado en distintas disciplinas de la salud.<\/p>\n<p data-start=\"1755\" data-end=\"2012\">El Hospital de Ni\u00f1os Roberto del R\u00edo es uno de los tres establecimientos hospitalarios del pa\u00eds cuyo quehacer se encuentra orientado de manera exclusiva a la medicina infantil, consolidando su rol hist\u00f3rico y estrat\u00e9gico dentro del sistema p\u00fablico de salud.<\/p>\n<p>&nbsp;<\/p>\n<p>[\/et_pb_text][\/et_pb_column][et_pb_column type=\u00bb1_2&#8243; _builder_version=\u00bb3.25&#8243; custom_padding=\u00bb|||\u00bb custom_padding__hover=\u00bb|||\u00bb][\/et_pb_column][\/et_pb_row][\/et_pb_section]<\/p>\n","protected":false},"excerpt":{"rendered":"<p>[et_pb_section fb_built=\u00bb1&#8243; fullwidth=\u00bbon\u00bb custom_padding_last_edited=\u00bbon|desktop\u00bb admin_label=\u00bbsection\u00bb _builder_version=\u00bb3.22&#8243; background_color=\u00bb#ffffff\u00bb background_image=\u00bbhttp:\/\/www.hrrio.cl\/web2\/wp-content\/uploads\/2015\/07\/fondo-azul.jpg\u00bb parallax=\u00bbon\u00bb parallax_method=\u00bboff\u00bb custom_padding_tablet=\u00bb50px|0|50px|0&#8243; transparent_background=\u00bboff\u00bb padding_mobile=\u00bboff\u00bb make_fullwidth=\u00bboff\u00bb use_custom_width=\u00bboff\u00bb width_unit=\u00bbon\u00bb][et_pb_fullwidth_header title=\u00bbMi Hospital\u00bb header_image_url=\u00bbhttp:\/\/www.hrrio.cl\/web2\/wp-content\/uploads\/2015\/07\/nuestraInstitucion.png\u00bb content_max_width=\u00bbnone\u00bb admin_label=\u00bbFullwidth Header\u00bb _builder_version=\u00bb3.16&#8243; background_color=\u00bbrgba(255, 255, 255, 0)\u00bb button_one_letter_spacing_hover=\u00bb0&#8243; button_two_letter_spacing_hover=\u00bb0&#8243; button_one_text_size__hover_enabled=\u00bboff\u00bb button_two_text_size__hover_enabled=\u00bboff\u00bb button_one_text_color__hover_enabled=\u00bboff\u00bb button_two_text_color__hover_enabled=\u00bboff\u00bb button_one_border_width__hover_enabled=\u00bboff\u00bb button_two_border_width__hover_enabled=\u00bboff\u00bb button_one_border_color__hover_enabled=\u00bboff\u00bb button_two_border_color__hover_enabled=\u00bboff\u00bb button_one_border_radius__hover_enabled=\u00bboff\u00bb button_two_border_radius__hover_enabled=\u00bboff\u00bb button_one_letter_spacing__hover_enabled=\u00bbon\u00bb button_one_letter_spacing__hover=\u00bb0&#8243; button_two_letter_spacing__hover_enabled=\u00bbon\u00bb button_two_letter_spacing__hover=\u00bb0&#8243; button_one_bg_color__hover_enabled=\u00bboff\u00bb button_two_bg_color__hover_enabled=\u00bboff\u00bb] [\/et_pb_fullwidth_header][\/et_pb_section][et_pb_section fb_built=\u00bb1&#8243; custom_padding_last_edited=\u00bbon|desktop\u00bb admin_label=\u00bbsection\u00bb _builder_version=\u00bb3.22&#8243; background_image=\u00bbhttp:\/\/www.hrrio.cl\/web2\/wp-content\/uploads\/2015\/07\/hospitalVectorizado.jpg\u00bb parallax=\u00bbon\u00bb custom_padding_tablet=\u00bb50px|0|50px|0&#8243; transparent_background=\u00bboff\u00bb padding_mobile=\u00bboff\u00bb [&hellip;]<\/p>\n","protected":false},"author":1,"featured_media":0,"parent":0,"menu_order":0,"comment_status":"open","ping_status":"open","template":"","meta":{"_et_pb_use_builder":"on","_et_pb_old_content":"","_et_gb_content_width":""},"_links":{"self":[{"href":"http:\/\/www.hrrio.cl\/web2\/wp-json\/wp\/v2\/pages\/374"}],"collection":[{"href":"http:\/\/www.hrrio.cl\/web2\/wp-json\/wp\/v2\/pages"}],"about":[{"href":"http:\/\/www.hrrio.cl\/web2\/wp-json\/wp\/v2\/types\/page"}],"author":[{"embeddable":true,"href":"http:\/\/www.hrrio.cl\/web2\/wp-json\/wp\/v2\/users\/1"}],"replies":[{"embeddable":true,"href":"http:\/\/www.hrrio.cl\/web2\/wp-json\/wp\/v2\/comments?post=374"}],"version-history":[{"count":2,"href":"http:\/\/www.hrrio.cl\/web2\/wp-json\/wp\/v2\/pages\/374\/revisions"}],"predecessor-version":[{"id":21456,"href":"http:\/\/www.hrrio.cl\/web2\/wp-json\/wp\/v2\/pages\/374\/revisions\/21456"}],"wp:attachment":[{"href":"http:\/\/www.hrrio.cl\/web2\/wp-json\/wp\/v2\/media?parent=374"}],"curies":[{"name":"wp","href":"https:\/\/api.w.org\/{rel}","templated":true}]}}